{"id":69,"date":"2020-01-27T08:05:29","date_gmt":"2020-01-27T08:05:29","guid":{"rendered":"https:\/\/demosites.io\/web-agency-gb\/?page_id=69"},"modified":"2025-09-19T21:24:34","modified_gmt":"2025-09-19T19:24:34","slug":"services-sig-environnement","status":"publish","type":"page","link":"https:\/\/sigefor.be\/sigefor\/pro\/services-sig-environnement\/","title":{"rendered":"Prestations"},"content":{"rendered":"\n<div class=\"wp-block-cover alignfull\" style=\"min-height:136px;aspect-ratio:unset;\"><span aria-hidden=\"true\" class=\"wp-block-cover__background has-nv-site-bg-background-color has-background-dim-100 has-background-dim\"><\/span><div class=\"wp-block-cover__inner-container is-layout-flow wp-block-cover-is-layout-flow\">\n<div class=\"wp-block-group\"><div class=\"wp-block-group__inner-container is-layout-flow wp-block-group-is-layout-flow\">\n<h1 class=\"wp-block-heading has-text-align-left has-neve-text-color-color has-text-color\">Services propos\u00e9s<\/h1>\n<\/div><\/div>\n<\/div><\/div>\n\n\n\n<div class=\"wp-block-columns alignfull is-not-stacked-on-mobile ticss-58a6b85f is-layout-flex wp-container-core-columns-is-layout-9d6595d7 wp-block-columns-is-layout-flex\">\n<div class=\"wp-block-column is-layout-flow wp-block-column-is-layout-flow\" style=\"flex-basis:10%\">\n<figure class=\"wp-block-image size-full is-resized\"><img loading=\"lazy\" decoding=\"async\" width=\"512\" height=\"512\" src=\"https:\/\/sigefor.be\/sigefor\/pro\/wp-content\/uploads\/sites\/2\/2025\/09\/Appli_parcellaire.png\" alt=\"services SIG environnement d\u00e9veloppement applications\" class=\"wp-image-865\" style=\"width:auto;height:75px\" srcset=\"https:\/\/sigefor.be\/sigefor\/pro\/wp-content\/uploads\/sites\/2\/2025\/09\/Appli_parcellaire.png 512w, https:\/\/sigefor.be\/sigefor\/pro\/wp-content\/uploads\/sites\/2\/2025\/09\/Appli_parcellaire-300x300.png 300w, https:\/\/sigefor.be\/sigefor\/pro\/wp-content\/uploads\/sites\/2\/2025\/09\/Appli_parcellaire-150x150.png 150w\" sizes=\"auto, (max-width: 512px) 100vw, 512px\" \/><\/figure>\n<\/div>\n\n\n\n<div class=\"wp-block-column is-layout-flow wp-block-column-is-layout-flow\" style=\"flex-basis:90%\">\n<h2 class=\"wp-block-heading\">Applications<\/h2>\n\n\n\n<p>SIGEFOR vous accompagne \u00e9tape par \u00e9tape dans le d\u00e9veloppement d&rsquo;applications web sur mesure qui d\u00e9mocratisent l&rsquo;acc\u00e8s \u00e0 vos donn\u00e9es g\u00e9ographiques. Ces solutions permettent de partager efficacement vos informations vers des publics non-initi\u00e9s aux SIG et de valoriser concr\u00e8tement les r\u00e9sultats de vos travaux de recherche scientifique ou d&rsquo;am\u00e9nagement du territoire.<\/p>\n<\/div>\n<\/div>\n\n\n\n<div class=\"wp-block-columns alignfull is-not-stacked-on-mobile is-layout-flex wp-container-core-columns-is-layout-9d6595d7 wp-block-columns-is-layout-flex\">\n<div class=\"wp-block-column is-layout-flow wp-block-column-is-layout-flow\" style=\"flex-basis:10%\">\n<figure class=\"wp-block-image size-full is-resized\"><img loading=\"lazy\" decoding=\"async\" width=\"512\" height=\"512\" src=\"https:\/\/sigefor.be\/sigefor\/pro\/wp-content\/uploads\/sites\/2\/2025\/09\/biodiversity.png\" alt=\"services SIG environnement  inventaires biodiversit\u00e9\" class=\"wp-image-870\" style=\"width:auto;height:75px\" srcset=\"https:\/\/sigefor.be\/sigefor\/pro\/wp-content\/uploads\/sites\/2\/2025\/09\/biodiversity.png 512w, https:\/\/sigefor.be\/sigefor\/pro\/wp-content\/uploads\/sites\/2\/2025\/09\/biodiversity-300x300.png 300w, https:\/\/sigefor.be\/sigefor\/pro\/wp-content\/uploads\/sites\/2\/2025\/09\/biodiversity-150x150.png 150w\" sizes=\"auto, (max-width: 512px) 100vw, 512px\" \/><\/figure>\n<\/div>\n\n\n\n<div class=\"wp-block-column is-layout-flow wp-block-column-is-layout-flow\" style=\"flex-basis:90%\">\n<h2 class=\"wp-block-heading\">Biodiversit\u00e9<\/h2>\n\n\n\n<p>L\u2019\u00e9co-r\u00e9gime \u00ab\u202fmaillage \u00e9cologique\u202f\u00bb vise \u00e0 instaurer des zones d\u00e9di\u00e9es \u00e0 la biodiversit\u00e9 au sein de la matrice agricole.Pour pouvoir pr\u00e9tendre \u00e0 l\u2019intervention ER, la cartographie d\u00e9taill\u00e9e des \u00e9l\u00e9ments topographiques de l\u2019exploitation (haies et alignements d\u2019arbres, arbres, mares, bosquets) est indispensable.<\/p>\n\n\n\n<p>SIGEFOR r\u00e9alise cet inventaire de terrain et fournit le r\u00e9sultat sous un format num\u00e9rique compatible avec la DS.<\/p>\n<\/div>\n<\/div>\n\n\n\n<div class=\"wp-block-columns alignfull is-not-stacked-on-mobile is-layout-flex wp-container-core-columns-is-layout-9d6595d7 wp-block-columns-is-layout-flex\">\n<div class=\"wp-block-column is-layout-flow wp-block-column-is-layout-flow\" style=\"flex-basis:10%\">\n<figure class=\"wp-block-image size-full is-resized\"><img loading=\"lazy\" decoding=\"async\" width=\"512\" height=\"512\" src=\"https:\/\/sigefor.be\/sigefor\/pro\/wp-content\/uploads\/sites\/2\/2025\/09\/lanscape-studies.png\" alt=\"services SIG environnement analyse territoriale\" class=\"wp-image-873\" style=\"width:auto;height:75px\" srcset=\"https:\/\/sigefor.be\/sigefor\/pro\/wp-content\/uploads\/sites\/2\/2025\/09\/lanscape-studies.png 512w, https:\/\/sigefor.be\/sigefor\/pro\/wp-content\/uploads\/sites\/2\/2025\/09\/lanscape-studies-300x300.png 300w, https:\/\/sigefor.be\/sigefor\/pro\/wp-content\/uploads\/sites\/2\/2025\/09\/lanscape-studies-150x150.png 150w\" sizes=\"auto, (max-width: 512px) 100vw, 512px\" \/><\/figure>\n<\/div>\n\n\n\n<div class=\"wp-block-column is-layout-flow wp-block-column-is-layout-flow\" style=\"flex-basis:90%\">\n<h2 class=\"wp-block-heading\">Analyse territoriale<\/h2>\n\n\n\n<p>R\u00e9aliser une analyse territoriale permet de mieux comprendre et g\u00e9rer un territoire, d&rsquo;optimiser les ressources, de planifier les infrastructures, de d\u00e9velopper l&rsquo;\u00e9conomie, de pr\u00e9venir les risques et d&rsquo;\u00e9valuer les politiques publiques. En effet, c&rsquo;est un outil essentiel pour un d\u00e9veloppement \u00e9quilibr\u00e9 et durable. Ainsi, elle joue un r\u00f4le crucial dans la planification urbaine et rurale, l&rsquo;am\u00e9nagement du territoire et le d\u00e9veloppement durable.<br>Concr\u00e8tement, elle permet d&rsquo;identifier les zones \u00e0 d\u00e9velopper, \u00e0 prot\u00e9ger ou \u00e0 revitaliser, et de planifier les infrastructures en cons\u00e9quence. Par ailleurs, l&rsquo;analyse territoriale aide aussi \u00e0 la gestion efficace des ressources naturelles, telles que l&rsquo;eau, les for\u00eats, les sols et la biodiversit\u00e9. De plus, elle permet de surveiller l&rsquo;utilisation des terres (publiques) et de mettre en place des pratiques durables.<\/p>\n\n\n\n<p><br>Dans cette perspective, le diagnostic du territoire peut constituer une base de r\u00e9flexion \u00e0 partager avec les citoyens et \u00eatre un outil d&rsquo;aide \u00e0 la d\u00e9cision pour la suite du projet. Cette suite, c&rsquo;est notamment l&rsquo;information et la mobilisation dans l&rsquo;objectif d&rsquo;identifier et de soutenir quelques projets concrets, tout en nourrissant une dynamique \u00e0 moyen ou long terme sur les th\u00e9matiques du projet.<\/p>\n\n\n\n<p><br>Chez SIGEFOR, nous intervenons \u00e0 diff\u00e9rentes \u00e9tapes cl\u00e9s de l&rsquo;analyse : d&rsquo;abord la collecte des donn\u00e9es statistiques et g\u00e9ographiques, puis la cr\u00e9ation de tableaux et de cartes de synth\u00e8se, enfin la r\u00e9daction de l&rsquo;analyse agricole, foresti\u00e8re ou environnementale. Gr\u00e2ce \u00e0 ce processus it\u00e9ratif, nous garantissons des r\u00e9sultats pr\u00e9cis et pertinents \u00e0 chaque phase.<\/p>\n\n\n\n<p>Acc\u00e9der au \u00ab\u00a0<a href=\"https:\/\/sigefor.be\/files\/DT_AGRI_ArrLiege.pdf\" target=\"_blank\" rel=\"noreferrer noopener\">Diagnostic agro-alimentaire de l\u2019Arrondissement de Li\u00e8ge M\u00e9tropole<\/a>\u00ab\u00a0<\/p>\n<\/div>\n<\/div>\n","protected":false},"excerpt":{"rendered":"<p>Applications SIGEFOR vous accompagne \u00e9tape par \u00e9tape dans le d\u00e9veloppement d&rsquo;applications web sur mesure qui d\u00e9mocratisent l&rsquo;acc\u00e8s \u00e0 vos donn\u00e9es g\u00e9ographiques. Ces solutions permettent de partager efficacement vos informations vers des publics non-initi\u00e9s aux SIG et de valoriser concr\u00e8tement les r\u00e9sultats de vos travaux de recherche scientifique ou d&rsquo;am\u00e9nagement du territoire. Biodiversit\u00e9 L\u2019\u00e9co-r\u00e9gime \u00ab\u202fmaillage \u00e9cologique\u202f\u00bb&hellip;&nbsp;<a href=\"https:\/\/sigefor.be\/sigefor\/pro\/services-sig-environnement\/\" rel=\"bookmark\"><span class=\"screen-reader-text\">Prestations<\/span><\/a><\/p>\n","protected":false},"author":2,"featured_media":0,"parent":0,"menu_order":0,"comment_status":"closed","ping_status":"closed","template":"","meta":{"neve_meta_sidebar":"full-width","neve_meta_container":"","neve_meta_enable_content_width":"on","neve_meta_content_width":100,"neve_meta_title_alignment":"","neve_meta_author_avatar":"","neve_post_elements_order":"","neve_meta_disable_header":"","neve_meta_disable_footer":"","neve_meta_disable_title":"on","_themeisle_gutenberg_block_has_review":false,"footnotes":""},"class_list":["post-69","page","type-page","status-publish","hentry"],"yoast_head":"<!-- This site is optimized with the Yoast SEO plugin v27.3 - https:\/\/yoast.com\/product\/yoast-seo-wordpress\/ -->\n<title>Services SIG Environnement : Applications &amp; Analyses | SIGEFOR<\/title>\n<meta name=\"description\" content=\"Services SIG environnement professionnels : d\u00e9veloppement d&#039;applications web g\u00e9ographiques sur mesure, analyse territoriale, \u00e9tudes biodiversit\u00e9.\" \/>\n<meta name=\"robots\" content=\"index, follow, max-snippet:-1, max-image-preview:large, max-video-preview:-1\" \/>\n<link rel=\"canonical\" href=\"https:\/\/sigefor.be\/sigefor\/pro\/services-sig-environnement\/\" \/>\n<meta property=\"og:locale\" content=\"fr_FR\" \/>\n<meta property=\"og:type\" content=\"article\" \/>\n<meta property=\"og:title\" content=\"Services SIG Environnement : Applications &amp; Analyses | SIGEFOR\" \/>\n<meta property=\"og:description\" content=\"Services SIG environnement professionnels : d\u00e9veloppement d&#039;applications web g\u00e9ographiques sur mesure, analyse territoriale, \u00e9tudes biodiversit\u00e9.\" \/>\n<meta property=\"og:url\" content=\"https:\/\/sigefor.be\/sigefor\/pro\/services-sig-environnement\/\" \/>\n<meta property=\"og:site_name\" content=\"SIG, Environnement &amp; FORmation\" \/>\n<meta property=\"article:modified_time\" content=\"2025-09-19T19:24:34+00:00\" \/>\n<meta property=\"og:image\" content=\"https:\/\/sigefor.be\/sigefor\/pro\/wp-content\/uploads\/sites\/2\/2025\/09\/Appli_parcellaire.png\" \/>\n\t<meta property=\"og:image:width\" content=\"512\" \/>\n\t<meta property=\"og:image:height\" content=\"512\" \/>\n\t<meta property=\"og:image:type\" content=\"image\/png\" \/>\n<meta name=\"twitter:card\" content=\"summary_large_image\" \/>\n<meta name=\"twitter:label1\" content=\"Dur\u00e9e de lecture estim\u00e9e\" \/>\n\t<meta name=\"twitter:data1\" content=\"3 minutes\" \/>\n<script type=\"application\/ld+json\" class=\"yoast-schema-graph\">{\"@context\":\"https:\\\/\\\/schema.org\",\"@graph\":[{\"@type\":\"WebPage\",\"@id\":\"https:\\\/\\\/sigefor.be\\\/sigefor\\\/pro\\\/services-sig-environnement\\\/\",\"url\":\"https:\\\/\\\/sigefor.be\\\/sigefor\\\/pro\\\/services-sig-environnement\\\/\",\"name\":\"Services SIG Environnement : Applications & Analyses | SIGEFOR\",\"isPartOf\":{\"@id\":\"https:\\\/\\\/sigefor.be\\\/sigefor\\\/pro\\\/#website\"},\"primaryImageOfPage\":{\"@id\":\"https:\\\/\\\/sigefor.be\\\/sigefor\\\/pro\\\/services-sig-environnement\\\/#primaryimage\"},\"image\":{\"@id\":\"https:\\\/\\\/sigefor.be\\\/sigefor\\\/pro\\\/services-sig-environnement\\\/#primaryimage\"},\"thumbnailUrl\":\"https:\\\/\\\/sigefor.be\\\/sigefor\\\/pro\\\/wp-content\\\/uploads\\\/sites\\\/2\\\/2025\\\/09\\\/Appli_parcellaire.png\",\"datePublished\":\"2020-01-27T08:05:29+00:00\",\"dateModified\":\"2025-09-19T19:24:34+00:00\",\"description\":\"Services SIG environnement professionnels : d\u00e9veloppement d'applications web g\u00e9ographiques sur mesure, analyse territoriale, \u00e9tudes biodiversit\u00e9.\",\"breadcrumb\":{\"@id\":\"https:\\\/\\\/sigefor.be\\\/sigefor\\\/pro\\\/services-sig-environnement\\\/#breadcrumb\"},\"inLanguage\":\"fr-FR\",\"potentialAction\":[{\"@type\":\"ReadAction\",\"target\":[\"https:\\\/\\\/sigefor.be\\\/sigefor\\\/pro\\\/services-sig-environnement\\\/\"]}]},{\"@type\":\"ImageObject\",\"inLanguage\":\"fr-FR\",\"@id\":\"https:\\\/\\\/sigefor.be\\\/sigefor\\\/pro\\\/services-sig-environnement\\\/#primaryimage\",\"url\":\"https:\\\/\\\/sigefor.be\\\/sigefor\\\/pro\\\/wp-content\\\/uploads\\\/sites\\\/2\\\/2025\\\/09\\\/Appli_parcellaire.png\",\"contentUrl\":\"https:\\\/\\\/sigefor.be\\\/sigefor\\\/pro\\\/wp-content\\\/uploads\\\/sites\\\/2\\\/2025\\\/09\\\/Appli_parcellaire.png\",\"width\":512,\"height\":512},{\"@type\":\"BreadcrumbList\",\"@id\":\"https:\\\/\\\/sigefor.be\\\/sigefor\\\/pro\\\/services-sig-environnement\\\/#breadcrumb\",\"itemListElement\":[{\"@type\":\"ListItem\",\"position\":1,\"name\":\"Accueil\",\"item\":\"https:\\\/\\\/sigefor.be\\\/sigefor\\\/pro\\\/\"},{\"@type\":\"ListItem\",\"position\":2,\"name\":\"Prestations\"}]},{\"@type\":\"WebSite\",\"@id\":\"https:\\\/\\\/sigefor.be\\\/sigefor\\\/pro\\\/#website\",\"url\":\"https:\\\/\\\/sigefor.be\\\/sigefor\\\/pro\\\/\",\"name\":\"SIG, Environnement & FORmation\",\"description\":\"Transformez vos d\u00e9fis environnementaux et de gestion en solutions num\u00e9riques performantes.\",\"publisher\":{\"@id\":\"https:\\\/\\\/sigefor.be\\\/sigefor\\\/pro\\\/#organization\"},\"alternateName\":\"SIGEFOR\",\"potentialAction\":[{\"@type\":\"SearchAction\",\"target\":{\"@type\":\"EntryPoint\",\"urlTemplate\":\"https:\\\/\\\/sigefor.be\\\/sigefor\\\/pro\\\/?s={search_term_string}\"},\"query-input\":{\"@type\":\"PropertyValueSpecification\",\"valueRequired\":true,\"valueName\":\"search_term_string\"}}],\"inLanguage\":\"fr-FR\"},{\"@type\":\"Organization\",\"@id\":\"https:\\\/\\\/sigefor.be\\\/sigefor\\\/pro\\\/#organization\",\"name\":\"SIGEFOR\",\"alternateName\":\"SIGEFOR\",\"url\":\"https:\\\/\\\/sigefor.be\\\/sigefor\\\/pro\\\/\",\"logo\":{\"@type\":\"ImageObject\",\"inLanguage\":\"fr-FR\",\"@id\":\"https:\\\/\\\/sigefor.be\\\/sigefor\\\/pro\\\/#\\\/schema\\\/logo\\\/image\\\/\",\"url\":\"https:\\\/\\\/sigefor.be\\\/sigefor\\\/pro\\\/wp-content\\\/uploads\\\/sites\\\/2\\\/2025\\\/09\\\/cropped-LOGO_SIGEFOR_fond_blanc.jpg\",\"contentUrl\":\"https:\\\/\\\/sigefor.be\\\/sigefor\\\/pro\\\/wp-content\\\/uploads\\\/sites\\\/2\\\/2025\\\/09\\\/cropped-LOGO_SIGEFOR_fond_blanc.jpg\",\"width\":200,\"height\":200,\"caption\":\"SIGEFOR\"},\"image\":{\"@id\":\"https:\\\/\\\/sigefor.be\\\/sigefor\\\/pro\\\/#\\\/schema\\\/logo\\\/image\\\/\"}}]}<\/script>\n<!-- \/ Yoast SEO plugin. -->","yoast_head_json":{"title":"Services SIG Environnement : Applications & Analyses | SIGEFOR","description":"Services SIG environnement professionnels : d\u00e9veloppement d'applications web g\u00e9ographiques sur mesure, analyse territoriale, \u00e9tudes biodiversit\u00e9.","robots":{"index":"index","follow":"follow","max-snippet":"max-snippet:-1","max-image-preview":"max-image-preview:large","max-video-preview":"max-video-preview:-1"},"canonical":"https:\/\/sigefor.be\/sigefor\/pro\/services-sig-environnement\/","og_locale":"fr_FR","og_type":"article","og_title":"Services SIG Environnement : Applications & Analyses | SIGEFOR","og_description":"Services SIG environnement professionnels : d\u00e9veloppement d'applications web g\u00e9ographiques sur mesure, analyse territoriale, \u00e9tudes biodiversit\u00e9.","og_url":"https:\/\/sigefor.be\/sigefor\/pro\/services-sig-environnement\/","og_site_name":"SIG, Environnement &amp; FORmation","article_modified_time":"2025-09-19T19:24:34+00:00","og_image":[{"width":512,"height":512,"url":"https:\/\/sigefor.be\/sigefor\/pro\/wp-content\/uploads\/sites\/2\/2025\/09\/Appli_parcellaire.png","type":"image\/png"}],"twitter_card":"summary_large_image","twitter_misc":{"Dur\u00e9e de lecture estim\u00e9e":"3 minutes"},"schema":{"@context":"https:\/\/schema.org","@graph":[{"@type":"WebPage","@id":"https:\/\/sigefor.be\/sigefor\/pro\/services-sig-environnement\/","url":"https:\/\/sigefor.be\/sigefor\/pro\/services-sig-environnement\/","name":"Services SIG Environnement : Applications & Analyses | SIGEFOR","isPartOf":{"@id":"https:\/\/sigefor.be\/sigefor\/pro\/#website"},"primaryImageOfPage":{"@id":"https:\/\/sigefor.be\/sigefor\/pro\/services-sig-environnement\/#primaryimage"},"image":{"@id":"https:\/\/sigefor.be\/sigefor\/pro\/services-sig-environnement\/#primaryimage"},"thumbnailUrl":"https:\/\/sigefor.be\/sigefor\/pro\/wp-content\/uploads\/sites\/2\/2025\/09\/Appli_parcellaire.png","datePublished":"2020-01-27T08:05:29+00:00","dateModified":"2025-09-19T19:24:34+00:00","description":"Services SIG environnement professionnels : d\u00e9veloppement d'applications web g\u00e9ographiques sur mesure, analyse territoriale, \u00e9tudes biodiversit\u00e9.","breadcrumb":{"@id":"https:\/\/sigefor.be\/sigefor\/pro\/services-sig-environnement\/#breadcrumb"},"inLanguage":"fr-FR","potentialAction":[{"@type":"ReadAction","target":["https:\/\/sigefor.be\/sigefor\/pro\/services-sig-environnement\/"]}]},{"@type":"ImageObject","inLanguage":"fr-FR","@id":"https:\/\/sigefor.be\/sigefor\/pro\/services-sig-environnement\/#primaryimage","url":"https:\/\/sigefor.be\/sigefor\/pro\/wp-content\/uploads\/sites\/2\/2025\/09\/Appli_parcellaire.png","contentUrl":"https:\/\/sigefor.be\/sigefor\/pro\/wp-content\/uploads\/sites\/2\/2025\/09\/Appli_parcellaire.png","width":512,"height":512},{"@type":"BreadcrumbList","@id":"https:\/\/sigefor.be\/sigefor\/pro\/services-sig-environnement\/#breadcrumb","itemListElement":[{"@type":"ListItem","position":1,"name":"Accueil","item":"https:\/\/sigefor.be\/sigefor\/pro\/"},{"@type":"ListItem","position":2,"name":"Prestations"}]},{"@type":"WebSite","@id":"https:\/\/sigefor.be\/sigefor\/pro\/#website","url":"https:\/\/sigefor.be\/sigefor\/pro\/","name":"SIG, Environnement & FORmation","description":"Transformez vos d\u00e9fis environnementaux et de gestion en solutions num\u00e9riques performantes.","publisher":{"@id":"https:\/\/sigefor.be\/sigefor\/pro\/#organization"},"alternateName":"SIGEFOR","potentialAction":[{"@type":"SearchAction","target":{"@type":"EntryPoint","urlTemplate":"https:\/\/sigefor.be\/sigefor\/pro\/?s={search_term_string}"},"query-input":{"@type":"PropertyValueSpecification","valueRequired":true,"valueName":"search_term_string"}}],"inLanguage":"fr-FR"},{"@type":"Organization","@id":"https:\/\/sigefor.be\/sigefor\/pro\/#organization","name":"SIGEFOR","alternateName":"SIGEFOR","url":"https:\/\/sigefor.be\/sigefor\/pro\/","logo":{"@type":"ImageObject","inLanguage":"fr-FR","@id":"https:\/\/sigefor.be\/sigefor\/pro\/#\/schema\/logo\/image\/","url":"https:\/\/sigefor.be\/sigefor\/pro\/wp-content\/uploads\/sites\/2\/2025\/09\/cropped-LOGO_SIGEFOR_fond_blanc.jpg","contentUrl":"https:\/\/sigefor.be\/sigefor\/pro\/wp-content\/uploads\/sites\/2\/2025\/09\/cropped-LOGO_SIGEFOR_fond_blanc.jpg","width":200,"height":200,"caption":"SIGEFOR"},"image":{"@id":"https:\/\/sigefor.be\/sigefor\/pro\/#\/schema\/logo\/image\/"}}]}},"_links":{"self":[{"href":"https:\/\/sigefor.be\/sigefor\/pro\/wp-json\/wp\/v2\/pages\/69","targetHints":{"allow":["GET"]}}],"collection":[{"href":"https:\/\/sigefor.be\/sigefor\/pro\/wp-json\/wp\/v2\/pages"}],"about":[{"href":"https:\/\/sigefor.be\/sigefor\/pro\/wp-json\/wp\/v2\/types\/page"}],"author":[{"embeddable":true,"href":"https:\/\/sigefor.be\/sigefor\/pro\/wp-json\/wp\/v2\/users\/2"}],"replies":[{"embeddable":true,"href":"https:\/\/sigefor.be\/sigefor\/pro\/wp-json\/wp\/v2\/comments?post=69"}],"version-history":[{"count":41,"href":"https:\/\/sigefor.be\/sigefor\/pro\/wp-json\/wp\/v2\/pages\/69\/revisions"}],"predecessor-version":[{"id":902,"href":"https:\/\/sigefor.be\/sigefor\/pro\/wp-json\/wp\/v2\/pages\/69\/revisions\/902"}],"wp:attachment":[{"href":"https:\/\/sigefor.be\/sigefor\/pro\/wp-json\/wp\/v2\/media?parent=69"}],"curies":[{"name":"wp","href":"https:\/\/api.w.org\/{rel}","templated":true}]}}