{"id":61,"date":"2020-01-23T18:21:52","date_gmt":"2020-01-23T18:21:52","guid":{"rendered":"https:\/\/demosites.io\/web-agency-gb\/?page_id=61"},"modified":"2026-02-03T12:27:11","modified_gmt":"2026-02-03T11:27:11","slug":"consultant-sig-environnement","status":"publish","type":"page","link":"https:\/\/sigefor.be\/sigefor\/pro\/consultant-sig-environnement\/","title":{"rendered":"A propos"},"content":{"rendered":"\n<div class=\"wp-block-cover alignfull\" style=\"min-height:152px;aspect-ratio:unset;\"><span aria-hidden=\"true\" class=\"wp-block-cover__background has-nv-site-bg-background-color has-background-dim-100 has-background-dim\"><\/span><div class=\"wp-block-cover__inner-container is-layout-flow wp-block-cover-is-layout-flow\">\n<div class=\"wp-block-group\"><div class=\"wp-block-group__inner-container is-layout-flow wp-block-group-is-layout-flow\">\n<h2 class=\"wp-block-heading has-text-align-left has-neve-text-color-color has-text-color\">A propos de SIGEFOR<\/h2>\n<\/div><\/div>\n<\/div><\/div>\n\n\n\n<h2 class=\"wp-block-heading\">Expertise consultant SIG environnement depuis 30 ans<\/h2>\n\n\n\n<p><strong>Consultant SIG environnement sp\u00e9cialis\u00e9<\/strong>, j&rsquo;accompagne mes clients \u00e0 l&rsquo;intersection entre cartographie num\u00e9rique et gestion environnementale. Mon expertise de consultant g\u00e9omatique s&rsquo;appuie sur plus de 30 ann\u00e9es d&rsquo;exp\u00e9rience en Syst\u00e8mes d&rsquo;Information G\u00e9ographique pour transformer vos donn\u00e9es environnementales et patrimoniales en outils d&rsquo;aide \u00e0 la d\u00e9cision.<\/p>\n\n\n\n<h3 class=\"wp-block-heading\">Mon approche de consultant SIG environnement et patrimoine<\/h3>\n\n\n\n<p>Exploiter les technologies SIG avanc\u00e9es pour automatiser le traitement de vos donn\u00e9es environnementales et patrimoniales. Cette approche de consultant technique garantit des livrables pr\u00e9cis et des gains de productivit\u00e9 mesurables.<\/p>\n\n\n\n<h3 class=\"wp-block-heading\">Services consultant g\u00e9omatique pour tous secteurs<\/h3>\n\n\n\n<p>Que vous soyez bureau d&rsquo;\u00e9tudes, collectivit\u00e9, gestionnaire foncier ou environnemental, je vous accompagne pour :<\/p>\n\n\n\n<ul class=\"wp-block-list\">\n<li>Cartographier et analyser vos donn\u00e9es environnementales<\/li>\n\n\n\n<li><a href=\"#database\">Int\u00e9grer <\/a>des sources de donn\u00e9es multiples dans votre SIG<\/li>\n\n\n\n<li><a href=\"https:\/\/sigefor.be\/sigefor\/pro\/applications-sig-sur-mesure\/\" type=\"link\" id=\"https:\/\/sigefor.be\/sigefor\/pro\/applications-sig-sur-mesure\/\">D\u00e9velopper<\/a> des solutions SIG sur mesure pour valoriser et diffuser vos donn\u00e9es<\/li>\n\n\n\n<li><a href=\"https:\/\/sigefor.be\/sigefor\/pro\/formation-qgis-professionnelle\/\" type=\"link\" id=\"https:\/\/sigefor.be\/sigefor\/pro\/formation-qgis-professionnelle\/\">Former <\/a>vos \u00e9quipes aux outils g\u00e9omatiques modernes en particulier <a href=\"https:\/\/qgis.org\/\" target=\"_blank\" rel=\"noreferrer noopener\">QGIS<\/a><\/li>\n<\/ul>\n\n\n\n<p><\/p>\n\n\n\n<div class=\"wp-block-cover alignfull\" style=\"min-height:600px;aspect-ratio:unset;\"><span aria-hidden=\"true\" class=\"wp-block-cover__background has-nv-light-bg-background-color has-background-dim-100 has-background-dim\"><\/span><div class=\"wp-block-cover__inner-container is-layout-flow wp-block-cover-is-layout-flow\">\n<div class=\"wp-block-group\"><div class=\"wp-block-group__inner-container is-layout-flow wp-block-group-is-layout-flow\">\n<div style=\"height:80px\" aria-hidden=\"true\" class=\"wp-block-spacer\"><\/div>\n\n\n\n<div class=\"wp-block-columns are-vertically-aligned-center has-neve-text-color-color has-text-color is-layout-flex wp-container-core-columns-is-layout-9d6595d7 wp-block-columns-is-layout-flex\">\n<div class=\"wp-block-column is-vertically-aligned-center is-layout-flow wp-block-column-is-layout-flow\" style=\"flex-basis:50%\">\n<figure class=\"wp-block-image size-full\" id=\"database\"><img loading=\"lazy\" decoding=\"async\" width=\"1024\" height=\"1024\" src=\"https:\/\/sigefor.be\/sigefor\/pro\/wp-content\/uploads\/sites\/2\/2025\/09\/atout-sigefor.jpg\" alt=\"Consultant SIG environnement sp\u00e9cialis\u00e9\" class=\"wp-image-576\" srcset=\"https:\/\/sigefor.be\/sigefor\/pro\/wp-content\/uploads\/sites\/2\/2025\/09\/atout-sigefor.jpg 1024w, https:\/\/sigefor.be\/sigefor\/pro\/wp-content\/uploads\/sites\/2\/2025\/09\/atout-sigefor-300x300.jpg 300w, https:\/\/sigefor.be\/sigefor\/pro\/wp-content\/uploads\/sites\/2\/2025\/09\/atout-sigefor-150x150.jpg 150w, https:\/\/sigefor.be\/sigefor\/pro\/wp-content\/uploads\/sites\/2\/2025\/09\/atout-sigefor-768x768.jpg 768w\" sizes=\"auto, (max-width: 1024px) 100vw, 1024px\" \/><\/figure>\n<\/div>\n\n\n\n<div class=\"wp-block-column is-vertically-aligned-center is-layout-flow wp-block-column-is-layout-flow\" style=\"flex-basis:50%\">\n<h2 class=\"wp-block-heading has-neve-text-color-color has-text-color\">Atout majeur <\/h2>\n\n\n\n<p class=\"has-neve-text-color-color has-text-color\"><strong>SIGEFOR <\/strong>excelle dans la collecte et centralisation de donn\u00e9es g\u00e9ographiques provenant de sources vari\u00e9es : relev\u00e9s terrain GPS, g\u00e9oportails institutionnels, documents papier num\u00e9ris\u00e9s, fichiers num\u00e9riques h\u00e9t\u00e9rog\u00e8nes. Cette expertise de consultant SIG environnement permet de transformer des donn\u00e9es dispers\u00e9es en base g\u00e9ographique coh\u00e9rente.<\/p>\n\n\n\n<p><strong>Le r\u00e9sultat ?<\/strong> Des donn\u00e9es harmonis\u00e9es, g\u00e9or\u00e9f\u00e9renc\u00e9es et pr\u00eates \u00e0 r\u00e9v\u00e9ler leur potentiel analytique pour vos projets environnementaux et patrimoniaux.<\/p>\n<\/div>\n<\/div>\n\n\n\n<div style=\"height:40px\" aria-hidden=\"true\" class=\"wp-block-spacer\"><\/div>\n<\/div><\/div>\n<\/div><\/div>\n\n\n\n<div class=\"wp-block-cover alignfull\" style=\"min-height:420px;aspect-ratio:unset;\"><span aria-hidden=\"true\" class=\"wp-block-cover__background has-nv-site-bg-background-color has-background-dim-100 has-background-dim\"><\/span><div class=\"wp-block-cover__inner-container is-layout-flow wp-block-cover-is-layout-flow\">\n<div style=\"height:80px\" aria-hidden=\"true\" class=\"wp-block-spacer\"><\/div>\n\n\n\n<div class=\"wp-block-columns is-layout-flex wp-container-core-columns-is-layout-9d6595d7 wp-block-columns-is-layout-flex\">\n<div class=\"wp-block-column ticss-4ce656f1 is-layout-flow wp-block-column-is-layout-flow\">\n<figure class=\"wp-block-image size-large icon-style is-style-rounded\"><img decoding=\"async\" src=\"https:\/\/sigefor.be\/sigefor\/pro\/wp-content\/uploads\/sites\/2\/2020\/01\/neve-webdesign-GB-03.png\" alt=\"Consultant SIG environnement sp\u00e9cialis\u00e9\" class=\"wp-image-20\"\/><\/figure>\n\n\n\n<div style=\"height:24px\" aria-hidden=\"true\" class=\"wp-block-spacer\"><\/div>\n\n\n\n<h3 class=\"wp-block-heading has-text-align-left has-text-align-center has-neve-text-color-color has-text-color\">Efficacit\u00e9 optimale<\/h3>\n\n\n\n<p class=\"has-text-align-left has-neve-text-color-color has-text-color\">Livraison rapide et pr\u00e9cise pour chaque projet de consultant SIG environnement, optimisant votre temps et investissement gr\u00e2ce \u00e0 une m\u00e9thodologie \u00e9prouv\u00e9e sur 30 ans d&rsquo;exp\u00e9rience.<\/p>\n\n\n\n<div style=\"height:20px\" aria-hidden=\"true\" class=\"wp-block-spacer\"><\/div>\n<\/div>\n\n\n\n<div class=\"wp-block-column ticss-f6fc7494 is-layout-flow wp-block-column-is-layout-flow\">\n<figure class=\"wp-block-image size-large icon-style is-style-rounded\"><img decoding=\"async\" src=\"https:\/\/sigefor.be\/sigefor\/pro\/wp-content\/uploads\/sites\/2\/2020\/01\/neve-webdesign-GB-03.png\" alt=\"Consultant SIG environnement sp\u00e9cialis\u00e9\" class=\"wp-image-20\"\/><\/figure>\n\n\n\n<div style=\"height:24px\" aria-hidden=\"true\" class=\"wp-block-spacer\"><\/div>\n\n\n\n<h3 class=\"wp-block-heading has-text-align-left has-text-align-center has-neve-text-color-color has-text-color\">Solutions sur mesure<\/h3>\n\n\n\n<p class=\"has-text-align-left has-neve-text-color-color has-text-color\">Accompagnement sur mesure adapt\u00e9 \u00e0 vos enjeux sp\u00e9cifiques : chaque projet de consultant g\u00e9omatique b\u00e9n\u00e9ficie d&rsquo;une approche unique selon votre secteur d&rsquo;activit\u00e9.<\/p>\n\n\n\n<div style=\"height:20px\" aria-hidden=\"true\" class=\"wp-block-spacer\"><\/div>\n<\/div>\n\n\n\n<div class=\"wp-block-column ticss-a5b4df29 is-layout-flow wp-block-column-is-layout-flow\">\n<figure class=\"wp-block-image size-large icon-style is-style-rounded\"><img decoding=\"async\" src=\"https:\/\/sigefor.be\/sigefor\/pro\/wp-content\/uploads\/sites\/2\/2020\/01\/neve-webdesign-GB-03.png\" alt=\"Consultant SIG environnement sp\u00e9cialis\u00e9\" class=\"wp-image-20\"\/><\/figure>\n\n\n\n<div style=\"height:24px\" aria-hidden=\"true\" class=\"wp-block-spacer\"><\/div>\n\n\n\n<h3 class=\"wp-block-heading has-text-align-left has-text-align-center has-neve-text-color-color has-text-color\">Hautement qualifi\u00e9<\/h3>\n\n\n\n<p class=\"has-text-align-left has-neve-text-color-color has-text-color\">SIGEFOR poss\u00e8de une expertise de pointe en SIG et \u00e9labore des solutions innovantes.<\/p>\n\n\n\n<div style=\"height:20px\" aria-hidden=\"true\" class=\"wp-block-spacer\"><\/div>\n<\/div>\n<\/div>\n\n\n\n<div style=\"height:30px\" aria-hidden=\"true\" class=\"wp-block-spacer\"><\/div>\n<\/div><\/div>\n\n\n\n<h2 class=\"wp-block-heading\">Pourquoi choisir SIGEFOR comme consultant SIG environnement ?<\/h2>\n\n\n\n<p><strong>30 ann\u00e9es d&rsquo;expertise<\/strong> en Syst\u00e8mes d&rsquo;Information G\u00e9ographique vous garantissent un consultant SIG environnement capable de g\u00e9rer vos projets de la collecte des donn\u00e9es jusqu&rsquo;\u00e0 leur publication web. Cette exp\u00e9rience de consultant g\u00e9omatique combine expertise technique pointue et vision environnementale pour des r\u00e9alisations \u00e0 fort impact.<\/p>\n\n\n\n<p>Consultant SIG environnement bas\u00e9 \u00e0 Li\u00e8ge (BE) , SIGEFOR intervient en Belgique francophone, au Luxembourg, et dans le Nord de la France, pour un suivi personnalis\u00e9 de vos projets et une r\u00e9activit\u00e9 optimale aux demandes d&rsquo;\u00e9volution.<\/p>\n","protected":false},"excerpt":{"rendered":"<p>Expertise consultant SIG environnement depuis 30 ans Consultant SIG environnement sp\u00e9cialis\u00e9, j&rsquo;accompagne mes clients \u00e0 l&rsquo;intersection entre cartographie num\u00e9rique et gestion environnementale. Mon expertise de consultant g\u00e9omatique s&rsquo;appuie sur plus de 30 ann\u00e9es d&rsquo;exp\u00e9rience en Syst\u00e8mes d&rsquo;Information G\u00e9ographique pour transformer vos donn\u00e9es environnementales et patrimoniales en outils d&rsquo;aide \u00e0 la d\u00e9cision. Mon approche de consultant&hellip;&nbsp;<a href=\"https:\/\/sigefor.be\/sigefor\/pro\/consultant-sig-environnement\/\" rel=\"bookmark\"><span class=\"screen-reader-text\">A propos<\/span><\/a><\/p>\n","protected":false},"author":2,"featured_media":0,"parent":0,"menu_order":0,"comment_status":"closed","ping_status":"closed","template":"","meta":{"neve_meta_sidebar":"default","neve_meta_container":"default","neve_meta_enable_content_width":"on","neve_meta_content_width":100,"neve_meta_title_alignment":"","neve_meta_author_avatar":"","neve_post_elements_order":"","neve_meta_disable_header":"","neve_meta_disable_footer":"","neve_meta_disable_title":"on","_themeisle_gutenberg_block_has_review":false,"footnotes":""},"class_list":["post-61","page","type-page","status-publish","hentry"],"yoast_head":"<!-- This site is optimized with the Yoast SEO plugin v27.3 - https:\/\/yoast.com\/product\/yoast-seo-wordpress\/ -->\n<title>Consultant SIG environnement sp\u00e9cialis\u00e9<\/title>\n<meta name=\"description\" content=\"Consultant SIG sp\u00e9cialis\u00e9 environnement D\u00e9couvrez nos formations QGIS pour optimiser vos projets de gestion environnementale et patrimoniale\" \/>\n<meta name=\"robots\" content=\"index, follow, max-snippet:-1, max-image-preview:large, max-video-preview:-1\" \/>\n<link rel=\"canonical\" href=\"https:\/\/sigefor.be\/sigefor\/pro\/consultant-sig-environnement\/\" \/>\n<meta property=\"og:locale\" content=\"fr_FR\" \/>\n<meta property=\"og:type\" content=\"article\" \/>\n<meta property=\"og:title\" content=\"Consultant SIG environnement sp\u00e9cialis\u00e9\" \/>\n<meta property=\"og:description\" content=\"Consultant SIG sp\u00e9cialis\u00e9 environnement D\u00e9couvrez nos formations QGIS pour optimiser vos projets de gestion environnementale et patrimoniale\" \/>\n<meta property=\"og:url\" content=\"https:\/\/sigefor.be\/sigefor\/pro\/consultant-sig-environnement\/\" \/>\n<meta property=\"og:site_name\" content=\"SIG, Environnement &amp; FORmation\" \/>\n<meta property=\"article:modified_time\" content=\"2026-02-03T11:27:11+00:00\" \/>\n<meta property=\"og:image\" content=\"https:\/\/sigefor.be\/sigefor\/pro\/wp-content\/uploads\/sites\/2\/2025\/09\/atout-sigefor.jpg\" \/>\n\t<meta property=\"og:image:width\" content=\"1024\" \/>\n\t<meta property=\"og:image:height\" content=\"1024\" \/>\n\t<meta property=\"og:image:type\" content=\"image\/jpeg\" \/>\n<meta name=\"twitter:card\" content=\"summary_large_image\" \/>\n<meta name=\"twitter:label1\" content=\"Dur\u00e9e de lecture estim\u00e9e\" \/>\n\t<meta name=\"twitter:data1\" content=\"3 minutes\" \/>\n<script type=\"application\/ld+json\" class=\"yoast-schema-graph\">{\"@context\":\"https:\\\/\\\/schema.org\",\"@graph\":[{\"@type\":\"WebPage\",\"@id\":\"https:\\\/\\\/sigefor.be\\\/sigefor\\\/pro\\\/consultant-sig-environnement\\\/\",\"url\":\"https:\\\/\\\/sigefor.be\\\/sigefor\\\/pro\\\/consultant-sig-environnement\\\/\",\"name\":\"Consultant SIG environnement sp\u00e9cialis\u00e9\",\"isPartOf\":{\"@id\":\"https:\\\/\\\/sigefor.be\\\/sigefor\\\/pro\\\/#website\"},\"primaryImageOfPage\":{\"@id\":\"https:\\\/\\\/sigefor.be\\\/sigefor\\\/pro\\\/consultant-sig-environnement\\\/#primaryimage\"},\"image\":{\"@id\":\"https:\\\/\\\/sigefor.be\\\/sigefor\\\/pro\\\/consultant-sig-environnement\\\/#primaryimage\"},\"thumbnailUrl\":\"https:\\\/\\\/sigefor.be\\\/sigefor\\\/pro\\\/wp-content\\\/uploads\\\/sites\\\/2\\\/2025\\\/09\\\/atout-sigefor.jpg\",\"datePublished\":\"2020-01-23T18:21:52+00:00\",\"dateModified\":\"2026-02-03T11:27:11+00:00\",\"description\":\"Consultant SIG sp\u00e9cialis\u00e9 environnement D\u00e9couvrez nos formations QGIS pour optimiser vos projets de gestion environnementale et patrimoniale\",\"breadcrumb\":{\"@id\":\"https:\\\/\\\/sigefor.be\\\/sigefor\\\/pro\\\/consultant-sig-environnement\\\/#breadcrumb\"},\"inLanguage\":\"fr-FR\",\"potentialAction\":[{\"@type\":\"ReadAction\",\"target\":[\"https:\\\/\\\/sigefor.be\\\/sigefor\\\/pro\\\/consultant-sig-environnement\\\/\"]}]},{\"@type\":\"ImageObject\",\"inLanguage\":\"fr-FR\",\"@id\":\"https:\\\/\\\/sigefor.be\\\/sigefor\\\/pro\\\/consultant-sig-environnement\\\/#primaryimage\",\"url\":\"https:\\\/\\\/sigefor.be\\\/sigefor\\\/pro\\\/wp-content\\\/uploads\\\/sites\\\/2\\\/2025\\\/09\\\/atout-sigefor.jpg\",\"contentUrl\":\"https:\\\/\\\/sigefor.be\\\/sigefor\\\/pro\\\/wp-content\\\/uploads\\\/sites\\\/2\\\/2025\\\/09\\\/atout-sigefor.jpg\",\"width\":1024,\"height\":1024},{\"@type\":\"BreadcrumbList\",\"@id\":\"https:\\\/\\\/sigefor.be\\\/sigefor\\\/pro\\\/consultant-sig-environnement\\\/#breadcrumb\",\"itemListElement\":[{\"@type\":\"ListItem\",\"position\":1,\"name\":\"Accueil\",\"item\":\"https:\\\/\\\/sigefor.be\\\/sigefor\\\/pro\\\/\"},{\"@type\":\"ListItem\",\"position\":2,\"name\":\"A propos\"}]},{\"@type\":\"WebSite\",\"@id\":\"https:\\\/\\\/sigefor.be\\\/sigefor\\\/pro\\\/#website\",\"url\":\"https:\\\/\\\/sigefor.be\\\/sigefor\\\/pro\\\/\",\"name\":\"SIG, Environnement & FORmation\",\"description\":\"Transformez vos d\u00e9fis environnementaux et de gestion en solutions num\u00e9riques performantes.\",\"publisher\":{\"@id\":\"https:\\\/\\\/sigefor.be\\\/sigefor\\\/pro\\\/#organization\"},\"alternateName\":\"SIGEFOR\",\"potentialAction\":[{\"@type\":\"SearchAction\",\"target\":{\"@type\":\"EntryPoint\",\"urlTemplate\":\"https:\\\/\\\/sigefor.be\\\/sigefor\\\/pro\\\/?s={search_term_string}\"},\"query-input\":{\"@type\":\"PropertyValueSpecification\",\"valueRequired\":true,\"valueName\":\"search_term_string\"}}],\"inLanguage\":\"fr-FR\"},{\"@type\":\"Organization\",\"@id\":\"https:\\\/\\\/sigefor.be\\\/sigefor\\\/pro\\\/#organization\",\"name\":\"SIGEFOR\",\"alternateName\":\"SIGEFOR\",\"url\":\"https:\\\/\\\/sigefor.be\\\/sigefor\\\/pro\\\/\",\"logo\":{\"@type\":\"ImageObject\",\"inLanguage\":\"fr-FR\",\"@id\":\"https:\\\/\\\/sigefor.be\\\/sigefor\\\/pro\\\/#\\\/schema\\\/logo\\\/image\\\/\",\"url\":\"https:\\\/\\\/sigefor.be\\\/sigefor\\\/pro\\\/wp-content\\\/uploads\\\/sites\\\/2\\\/2025\\\/09\\\/cropped-LOGO_SIGEFOR_fond_blanc.jpg\",\"contentUrl\":\"https:\\\/\\\/sigefor.be\\\/sigefor\\\/pro\\\/wp-content\\\/uploads\\\/sites\\\/2\\\/2025\\\/09\\\/cropped-LOGO_SIGEFOR_fond_blanc.jpg\",\"width\":200,\"height\":200,\"caption\":\"SIGEFOR\"},\"image\":{\"@id\":\"https:\\\/\\\/sigefor.be\\\/sigefor\\\/pro\\\/#\\\/schema\\\/logo\\\/image\\\/\"}}]}<\/script>\n<!-- \/ Yoast SEO plugin. -->","yoast_head_json":{"title":"Consultant SIG environnement sp\u00e9cialis\u00e9","description":"Consultant SIG sp\u00e9cialis\u00e9 environnement D\u00e9couvrez nos formations QGIS pour optimiser vos projets de gestion environnementale et patrimoniale","robots":{"index":"index","follow":"follow","max-snippet":"max-snippet:-1","max-image-preview":"max-image-preview:large","max-video-preview":"max-video-preview:-1"},"canonical":"https:\/\/sigefor.be\/sigefor\/pro\/consultant-sig-environnement\/","og_locale":"fr_FR","og_type":"article","og_title":"Consultant SIG environnement sp\u00e9cialis\u00e9","og_description":"Consultant SIG sp\u00e9cialis\u00e9 environnement D\u00e9couvrez nos formations QGIS pour optimiser vos projets de gestion environnementale et patrimoniale","og_url":"https:\/\/sigefor.be\/sigefor\/pro\/consultant-sig-environnement\/","og_site_name":"SIG, Environnement &amp; FORmation","article_modified_time":"2026-02-03T11:27:11+00:00","og_image":[{"width":1024,"height":1024,"url":"https:\/\/sigefor.be\/sigefor\/pro\/wp-content\/uploads\/sites\/2\/2025\/09\/atout-sigefor.jpg","type":"image\/jpeg"}],"twitter_card":"summary_large_image","twitter_misc":{"Dur\u00e9e de lecture estim\u00e9e":"3 minutes"},"schema":{"@context":"https:\/\/schema.org","@graph":[{"@type":"WebPage","@id":"https:\/\/sigefor.be\/sigefor\/pro\/consultant-sig-environnement\/","url":"https:\/\/sigefor.be\/sigefor\/pro\/consultant-sig-environnement\/","name":"Consultant SIG environnement sp\u00e9cialis\u00e9","isPartOf":{"@id":"https:\/\/sigefor.be\/sigefor\/pro\/#website"},"primaryImageOfPage":{"@id":"https:\/\/sigefor.be\/sigefor\/pro\/consultant-sig-environnement\/#primaryimage"},"image":{"@id":"https:\/\/sigefor.be\/sigefor\/pro\/consultant-sig-environnement\/#primaryimage"},"thumbnailUrl":"https:\/\/sigefor.be\/sigefor\/pro\/wp-content\/uploads\/sites\/2\/2025\/09\/atout-sigefor.jpg","datePublished":"2020-01-23T18:21:52+00:00","dateModified":"2026-02-03T11:27:11+00:00","description":"Consultant SIG sp\u00e9cialis\u00e9 environnement D\u00e9couvrez nos formations QGIS pour optimiser vos projets de gestion environnementale et patrimoniale","breadcrumb":{"@id":"https:\/\/sigefor.be\/sigefor\/pro\/consultant-sig-environnement\/#breadcrumb"},"inLanguage":"fr-FR","potentialAction":[{"@type":"ReadAction","target":["https:\/\/sigefor.be\/sigefor\/pro\/consultant-sig-environnement\/"]}]},{"@type":"ImageObject","inLanguage":"fr-FR","@id":"https:\/\/sigefor.be\/sigefor\/pro\/consultant-sig-environnement\/#primaryimage","url":"https:\/\/sigefor.be\/sigefor\/pro\/wp-content\/uploads\/sites\/2\/2025\/09\/atout-sigefor.jpg","contentUrl":"https:\/\/sigefor.be\/sigefor\/pro\/wp-content\/uploads\/sites\/2\/2025\/09\/atout-sigefor.jpg","width":1024,"height":1024},{"@type":"BreadcrumbList","@id":"https:\/\/sigefor.be\/sigefor\/pro\/consultant-sig-environnement\/#breadcrumb","itemListElement":[{"@type":"ListItem","position":1,"name":"Accueil","item":"https:\/\/sigefor.be\/sigefor\/pro\/"},{"@type":"ListItem","position":2,"name":"A propos"}]},{"@type":"WebSite","@id":"https:\/\/sigefor.be\/sigefor\/pro\/#website","url":"https:\/\/sigefor.be\/sigefor\/pro\/","name":"SIG, Environnement & FORmation","description":"Transformez vos d\u00e9fis environnementaux et de gestion en solutions num\u00e9riques performantes.","publisher":{"@id":"https:\/\/sigefor.be\/sigefor\/pro\/#organization"},"alternateName":"SIGEFOR","potentialAction":[{"@type":"SearchAction","target":{"@type":"EntryPoint","urlTemplate":"https:\/\/sigefor.be\/sigefor\/pro\/?s={search_term_string}"},"query-input":{"@type":"PropertyValueSpecification","valueRequired":true,"valueName":"search_term_string"}}],"inLanguage":"fr-FR"},{"@type":"Organization","@id":"https:\/\/sigefor.be\/sigefor\/pro\/#organization","name":"SIGEFOR","alternateName":"SIGEFOR","url":"https:\/\/sigefor.be\/sigefor\/pro\/","logo":{"@type":"ImageObject","inLanguage":"fr-FR","@id":"https:\/\/sigefor.be\/sigefor\/pro\/#\/schema\/logo\/image\/","url":"https:\/\/sigefor.be\/sigefor\/pro\/wp-content\/uploads\/sites\/2\/2025\/09\/cropped-LOGO_SIGEFOR_fond_blanc.jpg","contentUrl":"https:\/\/sigefor.be\/sigefor\/pro\/wp-content\/uploads\/sites\/2\/2025\/09\/cropped-LOGO_SIGEFOR_fond_blanc.jpg","width":200,"height":200,"caption":"SIGEFOR"},"image":{"@id":"https:\/\/sigefor.be\/sigefor\/pro\/#\/schema\/logo\/image\/"}}]}},"_links":{"self":[{"href":"https:\/\/sigefor.be\/sigefor\/pro\/wp-json\/wp\/v2\/pages\/61","targetHints":{"allow":["GET"]}}],"collection":[{"href":"https:\/\/sigefor.be\/sigefor\/pro\/wp-json\/wp\/v2\/pages"}],"about":[{"href":"https:\/\/sigefor.be\/sigefor\/pro\/wp-json\/wp\/v2\/types\/page"}],"author":[{"embeddable":true,"href":"https:\/\/sigefor.be\/sigefor\/pro\/wp-json\/wp\/v2\/users\/2"}],"replies":[{"embeddable":true,"href":"https:\/\/sigefor.be\/sigefor\/pro\/wp-json\/wp\/v2\/comments?post=61"}],"version-history":[{"count":36,"href":"https:\/\/sigefor.be\/sigefor\/pro\/wp-json\/wp\/v2\/pages\/61\/revisions"}],"predecessor-version":[{"id":1136,"href":"https:\/\/sigefor.be\/sigefor\/pro\/wp-json\/wp\/v2\/pages\/61\/revisions\/1136"}],"wp:attachment":[{"href":"https:\/\/sigefor.be\/sigefor\/pro\/wp-json\/wp\/v2\/media?parent=61"}],"curies":[{"name":"wp","href":"https:\/\/api.w.org\/{rel}","templated":true}]}}