{"id":546,"date":"2025-09-05T14:52:26","date_gmt":"2025-09-05T12:52:26","guid":{"rendered":"https:\/\/sigefor.be\/sigefor\/pro\/?page_id=546"},"modified":"2025-09-20T22:50:26","modified_gmt":"2025-09-20T20:50:26","slug":"cours-qgis-trois-jours","status":"publish","type":"page","link":"https:\/\/sigefor.be\/sigefor\/pro\/cours-qgis-trois-jours\/","title":{"rendered":"Formation en 3 jours"},"content":{"rendered":"\n<p>Cette formation QGIS 3 jours compl\u00e8te notre offre de <a href=\"https:\/\/sigefor.be\/sigefor\/pro\/formation-qgis-professionnelle\/\">formations professionnelles QGIS<\/a> et s&rsquo;adapte aux contraintes de temps des professionnels. Formation utilisant <a href=\"https:\/\/qgis.org\">QGIS<\/a> version 3.42.x minimum pour b\u00e9n\u00e9ficier des derni\u00e8res fonctionnalit\u00e9s.<\/p>\n\n\n\n<img loading=\"lazy\" decoding=\"async\" src=\"https:\/\/sigefor.be\/sigefor\/pro\/wp-content\/uploads\/sites\/2\/2025\/09\/QGIS_goal.png\" alt=\"Objectifs formation QGIS 3 jours\" width=\"50\" height=\"50\" style=\"float: left; margin-right: 10px; vertical-align: middle;\" \/>\n\n\n\n<h3 class=\"wp-block-heading\">Objectifs de la formation<\/h3>\n\n\n\n<p>A la fin de la formation, l\u2019apprenant.e sera capable de :<\/p>\n\n\n\n<ul class=\"wp-block-list\">\n<li>D\u2019int\u00e9grer, dans un projet QGIS, des donn\u00e9es provenant de sources de donn\u00e9es diverses;<\/li>\n\n\n\n<li>D\u2019afficher dans une carte, ces donn\u00e9es avec une l\u00e9gende conforme aux besoins (et\/ou la r\u00e9glementation);<\/li>\n\n\n\n<li>De cr\u00e9er de nouvelles th\u00e9matiques sur base des donn\u00e9es int\u00e9gr\u00e9es;<\/li>\n\n\n\n<li>De rechercher des objets g\u00e9ographiques dans la base de donn\u00e9es, sur base de crit\u00e8res alphanum\u00e9riques et\/ou spatiaux;<\/li>\n\n\n\n<li>D\u2019imprimer une carte conforme et r\u00e9pondant \u00e0 un besoin pr\u00e9cis.<\/li>\n<\/ul>\n\n\n\n<img loading=\"lazy\" decoding=\"async\" src=\"https:\/\/sigefor.be\/sigefor\/pro\/wp-content\/uploads\/sites\/2\/2025\/09\/QGIS_prior.png\" alt=\"Prerequis formation QGIS 3 jours\" width=\"50\" height=\"50\" style=\"float: left; margin-right: 10px; vertical-align: middle;\" \/>\n\n\n\n<h3 class=\"wp-block-heading\"><strong>Pr\u00e9requis<\/strong><\/h3>\n\n\n\n<ul class=\"wp-block-list\">\n<li>La formation sera dispens\u00e9e sur un PC fonctionnant dans un environnement Windows 10 ou Windows 11;<\/li>\n\n\n\n<li>Usage connu de l\u2019explorateur de fichiers de Windows;<\/li>\n\n\n\n<li>Connaissances de base d&rsquo;un tableur comme <a href=\"https:\/\/www.libreoffice.org\/discover\/calc\/\">LibreOffice Calc<\/a> ou Excel<\/li>\n<\/ul>\n\n\n\n<p>Pour les utilisateurs souhaitant approfondir leurs comp\u00e9tences, d\u00e9couvrez nos <a href=\"https:\/\/sigefor.be\/sigefor\/pro\/cours-qgis-avances\/\">modules QGIS sp\u00e9cialis\u00e9s<\/a>.<\/p>\n\n\n\n<img loading=\"lazy\" decoding=\"async\" src=\"https:\/\/sigefor.be\/sigefor\/pro\/wp-content\/uploads\/sites\/2\/2025\/09\/day1.png\" alt=\"Formation QGIS jour 1\" width=\"50\" height=\"50\" style=\"display: inline-block; margin-right: 10px; vertical-align: top;\" \/>\n\n\n\n<h4 class=\"wp-block-heading\">Introduction (1 h) :<\/h4>\n\n\n\n<ul class=\"wp-block-list\">\n<li>pourquoi mettre en oeuvre un SIG ?<\/li>\n\n\n\n<li>le choix de QGIS<\/li>\n\n\n\n<li>comment g\u00e9rer les mises \u00e0 jour de QGIS ?<\/li>\n\n\n\n<li>rappels sur la gestion de la sauvegarde des donn\u00e9es<\/li>\n<\/ul>\n\n\n\n<h4 class=\"wp-block-heading\">Prise en main de QGIS (2 h)<\/h4>\n\n\n\n<ul class=\"wp-block-list\">\n<li>d\u00e9couverte de l\u2019interface<\/li>\n\n\n\n<li>les donn\u00e9es : formats de donn\u00e9es dans QGIS<\/li>\n\n\n\n<li>les sources de donn\u00e9es officielles : IGN, G\u00e9oportail, SPF<\/li>\n<\/ul>\n\n\n\n<h4 class=\"wp-block-heading\">Op\u00e9rations de base dans QGIS (3 h)<\/h4>\n\n\n\n<ul class=\"wp-block-list\">\n<li>\u00e9lements de configuration<\/li>\n\n\n\n<li>explorer une base de donn\u00e9es SIG<\/li>\n\n\n\n<li>les entit\u00e9s et attributs<\/li>\n\n\n\n<li>exercice : d\u00e9finir un premier projet QGIS<\/li>\n\n\n\n<li>exercice : cr\u00e9er une premi\u00e8re carte multi-formats de donn\u00e9es<\/li>\n<\/ul>\n\n\n\n<img loading=\"lazy\" decoding=\"async\" src=\"https:\/\/sigefor.be\/sigefor\/pro\/wp-content\/uploads\/sites\/2\/2025\/09\/day2.png\" alt=\"Formation QGIS jour 2\" width=\"50\" height=\"50\" style=\"display: inline-block; margin-right: 10px; vertical-align: top;\" \/>\n\n\n\n<h4 class=\"wp-block-heading\">La l\u00e9gende 1\/2 \u2013 \u00e9l\u00e9ments de base ( 3 h)<\/h4>\n\n\n\n<ul class=\"wp-block-list\">\n<li>cr\u00e9er un mod\u00e8le de carte avec une l\u00e9gende de base (voir notre <a href=\"https:\/\/sigefor.be\/sigefor\/pro\/cours-qgis-avances\/#legende\">module l\u00e9gende avanc\u00e9e<\/a>)<\/li>\n\n\n\n<li>exercices de cr\u00e9ation de l\u00e9gende<\/li>\n<\/ul>\n\n\n\n<h4 class=\"wp-block-heading\">La l\u00e9gende 2\/2 \u2013 cartes th\u00e9matiques ( 3 h)<\/h4>\n\n\n\n<ul class=\"wp-block-list\">\n<li>enrichir les donn\u00e9es g\u00e9ographiques en y joignant les donn\u00e9es d\u2019un tableurs<\/li>\n\n\n\n<li>exercice : repr\u00e9senter les donn\u00e9es sous forme de cartes th\u00e9matiques<\/li>\n\n\n\n<li>cr\u00e9er un mod\u00e8le de carte avec une l\u00e9gende de base<\/li>\n<\/ul>\n\n\n\n<img loading=\"lazy\" decoding=\"async\" src=\"https:\/\/sigefor.be\/sigefor\/pro\/wp-content\/uploads\/sites\/2\/2025\/09\/day3.png\" alt=\"Formation QGIS jour 3\" width=\"50\" height=\"50\" style=\"display: inline-block; margin-right: 10px; vertical-align: top;\" \/>\n\n\n\n<h4 class=\"wp-block-heading\">Rechercher des donn\u00e9es (3 h)<\/h4>\n\n\n\n<ul class=\"wp-block-list\">\n<li>effectuer une s\u00e9lection dans la carte et utiliser le r\u00e9sultat<\/li>\n\n\n\n<li>requ\u00eates par attributs et requ\u00eates g\u00e9ographiques<\/li>\n\n\n\n<li>exercices de recherche \/ localisation<\/li>\n<\/ul>\n\n\n\n<h4 class=\"wp-block-heading\">Imprimer (pdf \/ papier) et exporter les donn\u00e9es (3 h)<\/h4>\n\n\n\n<ul class=\"wp-block-list\">\n<li>exporter vers diff\u00e9rents formats<\/li>\n\n\n\n<li>cr\u00e9ation d\u2019un mod\u00e8le d\u2019impression simple au format A4<\/li>\n\n\n\n<li>cr\u00e9ation d\u2019un mod\u00e8le d\u2019impression \u00e9volu\u00e9 au format A4<\/li>\n<\/ul>\n\n\n\n<p><strong>Pr\u00eat \u00e0 d\u00e9marrer ?<\/strong> Consultez notre <a href=\"https:\/\/sigefor.be\/sigefor\/pro\/contact\/\">page contact<\/a> pour organiser votre formation ou d\u00e9couvrez nos <a href=\"https:\/\/sigefor.be\/sigefor\/pro\/temoignages-formations-qgis\/\">t\u00e9moignages participants<\/a>.<\/p>\n","protected":false},"excerpt":{"rendered":"<p>Cette formation QGIS 3 jours compl\u00e8te notre offre de formations professionnelles QGIS et s&rsquo;adapte aux contraintes de temps des professionnels. Formation utilisant QGIS version 3.42.x minimum pour b\u00e9n\u00e9ficier des derni\u00e8res fonctionnalit\u00e9s. Objectifs de la formation A la fin de la formation, l\u2019apprenant.e sera capable de : Pr\u00e9requis Pour les utilisateurs souhaitant approfondir leurs comp\u00e9tences, d\u00e9couvrez&hellip;&nbsp;<a href=\"https:\/\/sigefor.be\/sigefor\/pro\/cours-qgis-trois-jours\/\" rel=\"bookmark\"><span class=\"screen-reader-text\">Formation en 3 jours<\/span><\/a><\/p>\n","protected":false},"author":2,"featured_media":0,"parent":0,"menu_order":0,"comment_status":"closed","ping_status":"closed","template":"","meta":{"neve_meta_sidebar":"","neve_meta_container":"","neve_meta_enable_content_width":"","neve_meta_content_width":0,"neve_meta_title_alignment":"","neve_meta_author_avatar":"","neve_post_elements_order":"","neve_meta_disable_header":"","neve_meta_disable_footer":"","neve_meta_disable_title":"","_themeisle_gutenberg_block_has_review":false,"footnotes":""},"class_list":["post-546","page","type-page","status-publish","hentry"],"yoast_head":"<!-- This site is optimized with the Yoast SEO plugin v27.3 - https:\/\/yoast.com\/product\/yoast-seo-wordpress\/ -->\n<title>cours QGIS personnalis\u00e9 trois jours Cours Intensif Personnalis\u00e9<\/title>\n<meta name=\"description\" content=\"cours QGIS personnalis\u00e9 trois jours : ma\u00eetrisez l&#039;interface, cr\u00e9ez des cartes th\u00e9matiques, g\u00e9rez les donn\u00e9es. Programme pragmatique\" \/>\n<meta name=\"robots\" content=\"index, follow, max-snippet:-1, max-image-preview:large, max-video-preview:-1\" \/>\n<link rel=\"canonical\" href=\"https:\/\/sigefor.be\/sigefor\/pro\/cours-qgis-trois-jours\/\" \/>\n<meta property=\"og:locale\" content=\"fr_FR\" \/>\n<meta property=\"og:type\" content=\"article\" \/>\n<meta property=\"og:title\" content=\"cours QGIS personnalis\u00e9 trois jours Cours Intensif Personnalis\u00e9\" \/>\n<meta property=\"og:description\" content=\"cours QGIS personnalis\u00e9 trois jours : ma\u00eetrisez l&#039;interface, cr\u00e9ez des cartes th\u00e9matiques, g\u00e9rez les donn\u00e9es. Programme pragmatique\" \/>\n<meta property=\"og:url\" content=\"https:\/\/sigefor.be\/sigefor\/pro\/cours-qgis-trois-jours\/\" \/>\n<meta property=\"og:site_name\" content=\"SIG, Environnement &amp; FORmation\" \/>\n<meta property=\"article:modified_time\" content=\"2025-09-20T20:50:26+00:00\" \/>\n<meta property=\"og:image\" content=\"https:\/\/sigefor.be\/sigefor\/pro\/wp-content\/uploads\/sites\/2\/2025\/09\/QGIS_goal.png\" \/>\n<meta name=\"twitter:card\" content=\"summary_large_image\" \/>\n<meta name=\"twitter:label1\" content=\"Dur\u00e9e de lecture estim\u00e9e\" \/>\n\t<meta name=\"twitter:data1\" content=\"3 minutes\" \/>\n<script type=\"application\/ld+json\" class=\"yoast-schema-graph\">{\"@context\":\"https:\\\/\\\/schema.org\",\"@graph\":[{\"@type\":\"WebPage\",\"@id\":\"https:\\\/\\\/sigefor.be\\\/sigefor\\\/pro\\\/cours-qgis-trois-jours\\\/\",\"url\":\"https:\\\/\\\/sigefor.be\\\/sigefor\\\/pro\\\/cours-qgis-trois-jours\\\/\",\"name\":\"cours QGIS personnalis\u00e9 trois jours Cours Intensif Personnalis\u00e9\",\"isPartOf\":{\"@id\":\"https:\\\/\\\/sigefor.be\\\/sigefor\\\/pro\\\/#website\"},\"primaryImageOfPage\":{\"@id\":\"https:\\\/\\\/sigefor.be\\\/sigefor\\\/pro\\\/cours-qgis-trois-jours\\\/#primaryimage\"},\"image\":{\"@id\":\"https:\\\/\\\/sigefor.be\\\/sigefor\\\/pro\\\/cours-qgis-trois-jours\\\/#primaryimage\"},\"thumbnailUrl\":\"https:\\\/\\\/sigefor.be\\\/sigefor\\\/pro\\\/wp-content\\\/uploads\\\/sites\\\/2\\\/2025\\\/09\\\/QGIS_goal.png\",\"datePublished\":\"2025-09-05T12:52:26+00:00\",\"dateModified\":\"2025-09-20T20:50:26+00:00\",\"description\":\"cours QGIS personnalis\u00e9 trois jours : ma\u00eetrisez l'interface, cr\u00e9ez des cartes th\u00e9matiques, g\u00e9rez les donn\u00e9es. Programme pragmatique\",\"breadcrumb\":{\"@id\":\"https:\\\/\\\/sigefor.be\\\/sigefor\\\/pro\\\/cours-qgis-trois-jours\\\/#breadcrumb\"},\"inLanguage\":\"fr-FR\",\"potentialAction\":[{\"@type\":\"ReadAction\",\"target\":[\"https:\\\/\\\/sigefor.be\\\/sigefor\\\/pro\\\/cours-qgis-trois-jours\\\/\"]}]},{\"@type\":\"ImageObject\",\"inLanguage\":\"fr-FR\",\"@id\":\"https:\\\/\\\/sigefor.be\\\/sigefor\\\/pro\\\/cours-qgis-trois-jours\\\/#primaryimage\",\"url\":\"https:\\\/\\\/sigefor.be\\\/sigefor\\\/pro\\\/wp-content\\\/uploads\\\/sites\\\/2\\\/2025\\\/09\\\/QGIS_goal.png\",\"contentUrl\":\"https:\\\/\\\/sigefor.be\\\/sigefor\\\/pro\\\/wp-content\\\/uploads\\\/sites\\\/2\\\/2025\\\/09\\\/QGIS_goal.png\",\"width\":512,\"height\":512},{\"@type\":\"BreadcrumbList\",\"@id\":\"https:\\\/\\\/sigefor.be\\\/sigefor\\\/pro\\\/cours-qgis-trois-jours\\\/#breadcrumb\",\"itemListElement\":[{\"@type\":\"ListItem\",\"position\":1,\"name\":\"Accueil\",\"item\":\"https:\\\/\\\/sigefor.be\\\/sigefor\\\/pro\\\/\"},{\"@type\":\"ListItem\",\"position\":2,\"name\":\"Formation en 3 jours\"}]},{\"@type\":\"WebSite\",\"@id\":\"https:\\\/\\\/sigefor.be\\\/sigefor\\\/pro\\\/#website\",\"url\":\"https:\\\/\\\/sigefor.be\\\/sigefor\\\/pro\\\/\",\"name\":\"SIG, Environnement & FORmation\",\"description\":\"Transformez vos d\u00e9fis environnementaux et de gestion en solutions num\u00e9riques performantes.\",\"publisher\":{\"@id\":\"https:\\\/\\\/sigefor.be\\\/sigefor\\\/pro\\\/#organization\"},\"alternateName\":\"SIGEFOR\",\"potentialAction\":[{\"@type\":\"SearchAction\",\"target\":{\"@type\":\"EntryPoint\",\"urlTemplate\":\"https:\\\/\\\/sigefor.be\\\/sigefor\\\/pro\\\/?s={search_term_string}\"},\"query-input\":{\"@type\":\"PropertyValueSpecification\",\"valueRequired\":true,\"valueName\":\"search_term_string\"}}],\"inLanguage\":\"fr-FR\"},{\"@type\":\"Organization\",\"@id\":\"https:\\\/\\\/sigefor.be\\\/sigefor\\\/pro\\\/#organization\",\"name\":\"SIGEFOR\",\"alternateName\":\"SIGEFOR\",\"url\":\"https:\\\/\\\/sigefor.be\\\/sigefor\\\/pro\\\/\",\"logo\":{\"@type\":\"ImageObject\",\"inLanguage\":\"fr-FR\",\"@id\":\"https:\\\/\\\/sigefor.be\\\/sigefor\\\/pro\\\/#\\\/schema\\\/logo\\\/image\\\/\",\"url\":\"https:\\\/\\\/sigefor.be\\\/sigefor\\\/pro\\\/wp-content\\\/uploads\\\/sites\\\/2\\\/2025\\\/09\\\/cropped-LOGO_SIGEFOR_fond_blanc.jpg\",\"contentUrl\":\"https:\\\/\\\/sigefor.be\\\/sigefor\\\/pro\\\/wp-content\\\/uploads\\\/sites\\\/2\\\/2025\\\/09\\\/cropped-LOGO_SIGEFOR_fond_blanc.jpg\",\"width\":200,\"height\":200,\"caption\":\"SIGEFOR\"},\"image\":{\"@id\":\"https:\\\/\\\/sigefor.be\\\/sigefor\\\/pro\\\/#\\\/schema\\\/logo\\\/image\\\/\"}}]}<\/script>\n<!-- \/ Yoast SEO plugin. -->","yoast_head_json":{"title":"cours QGIS personnalis\u00e9 trois jours Cours Intensif Personnalis\u00e9","description":"cours QGIS personnalis\u00e9 trois jours : ma\u00eetrisez l'interface, cr\u00e9ez des cartes th\u00e9matiques, g\u00e9rez les donn\u00e9es. Programme pragmatique","robots":{"index":"index","follow":"follow","max-snippet":"max-snippet:-1","max-image-preview":"max-image-preview:large","max-video-preview":"max-video-preview:-1"},"canonical":"https:\/\/sigefor.be\/sigefor\/pro\/cours-qgis-trois-jours\/","og_locale":"fr_FR","og_type":"article","og_title":"cours QGIS personnalis\u00e9 trois jours Cours Intensif Personnalis\u00e9","og_description":"cours QGIS personnalis\u00e9 trois jours : ma\u00eetrisez l'interface, cr\u00e9ez des cartes th\u00e9matiques, g\u00e9rez les donn\u00e9es. Programme pragmatique","og_url":"https:\/\/sigefor.be\/sigefor\/pro\/cours-qgis-trois-jours\/","og_site_name":"SIG, Environnement &amp; FORmation","article_modified_time":"2025-09-20T20:50:26+00:00","og_image":[{"url":"https:\/\/sigefor.be\/sigefor\/pro\/wp-content\/uploads\/sites\/2\/2025\/09\/QGIS_goal.png","type":"","width":"","height":""}],"twitter_card":"summary_large_image","twitter_misc":{"Dur\u00e9e de lecture estim\u00e9e":"3 minutes"},"schema":{"@context":"https:\/\/schema.org","@graph":[{"@type":"WebPage","@id":"https:\/\/sigefor.be\/sigefor\/pro\/cours-qgis-trois-jours\/","url":"https:\/\/sigefor.be\/sigefor\/pro\/cours-qgis-trois-jours\/","name":"cours QGIS personnalis\u00e9 trois jours Cours Intensif Personnalis\u00e9","isPartOf":{"@id":"https:\/\/sigefor.be\/sigefor\/pro\/#website"},"primaryImageOfPage":{"@id":"https:\/\/sigefor.be\/sigefor\/pro\/cours-qgis-trois-jours\/#primaryimage"},"image":{"@id":"https:\/\/sigefor.be\/sigefor\/pro\/cours-qgis-trois-jours\/#primaryimage"},"thumbnailUrl":"https:\/\/sigefor.be\/sigefor\/pro\/wp-content\/uploads\/sites\/2\/2025\/09\/QGIS_goal.png","datePublished":"2025-09-05T12:52:26+00:00","dateModified":"2025-09-20T20:50:26+00:00","description":"cours QGIS personnalis\u00e9 trois jours : ma\u00eetrisez l'interface, cr\u00e9ez des cartes th\u00e9matiques, g\u00e9rez les donn\u00e9es. Programme pragmatique","breadcrumb":{"@id":"https:\/\/sigefor.be\/sigefor\/pro\/cours-qgis-trois-jours\/#breadcrumb"},"inLanguage":"fr-FR","potentialAction":[{"@type":"ReadAction","target":["https:\/\/sigefor.be\/sigefor\/pro\/cours-qgis-trois-jours\/"]}]},{"@type":"ImageObject","inLanguage":"fr-FR","@id":"https:\/\/sigefor.be\/sigefor\/pro\/cours-qgis-trois-jours\/#primaryimage","url":"https:\/\/sigefor.be\/sigefor\/pro\/wp-content\/uploads\/sites\/2\/2025\/09\/QGIS_goal.png","contentUrl":"https:\/\/sigefor.be\/sigefor\/pro\/wp-content\/uploads\/sites\/2\/2025\/09\/QGIS_goal.png","width":512,"height":512},{"@type":"BreadcrumbList","@id":"https:\/\/sigefor.be\/sigefor\/pro\/cours-qgis-trois-jours\/#breadcrumb","itemListElement":[{"@type":"ListItem","position":1,"name":"Accueil","item":"https:\/\/sigefor.be\/sigefor\/pro\/"},{"@type":"ListItem","position":2,"name":"Formation en 3 jours"}]},{"@type":"WebSite","@id":"https:\/\/sigefor.be\/sigefor\/pro\/#website","url":"https:\/\/sigefor.be\/sigefor\/pro\/","name":"SIG, Environnement & FORmation","description":"Transformez vos d\u00e9fis environnementaux et de gestion en solutions num\u00e9riques performantes.","publisher":{"@id":"https:\/\/sigefor.be\/sigefor\/pro\/#organization"},"alternateName":"SIGEFOR","potentialAction":[{"@type":"SearchAction","target":{"@type":"EntryPoint","urlTemplate":"https:\/\/sigefor.be\/sigefor\/pro\/?s={search_term_string}"},"query-input":{"@type":"PropertyValueSpecification","valueRequired":true,"valueName":"search_term_string"}}],"inLanguage":"fr-FR"},{"@type":"Organization","@id":"https:\/\/sigefor.be\/sigefor\/pro\/#organization","name":"SIGEFOR","alternateName":"SIGEFOR","url":"https:\/\/sigefor.be\/sigefor\/pro\/","logo":{"@type":"ImageObject","inLanguage":"fr-FR","@id":"https:\/\/sigefor.be\/sigefor\/pro\/#\/schema\/logo\/image\/","url":"https:\/\/sigefor.be\/sigefor\/pro\/wp-content\/uploads\/sites\/2\/2025\/09\/cropped-LOGO_SIGEFOR_fond_blanc.jpg","contentUrl":"https:\/\/sigefor.be\/sigefor\/pro\/wp-content\/uploads\/sites\/2\/2025\/09\/cropped-LOGO_SIGEFOR_fond_blanc.jpg","width":200,"height":200,"caption":"SIGEFOR"},"image":{"@id":"https:\/\/sigefor.be\/sigefor\/pro\/#\/schema\/logo\/image\/"}}]}},"_links":{"self":[{"href":"https:\/\/sigefor.be\/sigefor\/pro\/wp-json\/wp\/v2\/pages\/546","targetHints":{"allow":["GET"]}}],"collection":[{"href":"https:\/\/sigefor.be\/sigefor\/pro\/wp-json\/wp\/v2\/pages"}],"about":[{"href":"https:\/\/sigefor.be\/sigefor\/pro\/wp-json\/wp\/v2\/types\/page"}],"author":[{"embeddable":true,"href":"https:\/\/sigefor.be\/sigefor\/pro\/wp-json\/wp\/v2\/users\/2"}],"replies":[{"embeddable":true,"href":"https:\/\/sigefor.be\/sigefor\/pro\/wp-json\/wp\/v2\/comments?post=546"}],"version-history":[{"count":22,"href":"https:\/\/sigefor.be\/sigefor\/pro\/wp-json\/wp\/v2\/pages\/546\/revisions"}],"predecessor-version":[{"id":1020,"href":"https:\/\/sigefor.be\/sigefor\/pro\/wp-json\/wp\/v2\/pages\/546\/revisions\/1020"}],"wp:attachment":[{"href":"https:\/\/sigefor.be\/sigefor\/pro\/wp-json\/wp\/v2\/media?parent=546"}],"curies":[{"name":"wp","href":"https:\/\/api.w.org\/{rel}","templated":true}]}}