{"id":543,"date":"2025-09-05T14:50:01","date_gmt":"2025-09-05T12:50:01","guid":{"rendered":"https:\/\/sigefor.be\/sigefor\/pro\/?page_id=543"},"modified":"2026-02-03T17:37:41","modified_gmt":"2026-02-03T16:37:41","slug":"cours-qgis-avances","status":"publish","type":"page","link":"https:\/\/sigefor.be\/sigefor\/pro\/cours-qgis-avances\/","title":{"rendered":"Modules sp\u00e9cialis\u00e9s QGIS"},"content":{"rendered":"\n<p>Acc\u00e9dez \u00e0 un support p\u00e9dagogique complet et exploitez une base de donn\u00e9es exemplative avec chaque module de formation. Choisissez votre format : participez en distanciel ou demandez une session en pr\u00e9sentiel dans vos locaux.<\/p>\n\n\n\n<h3 class=\"wp-block-heading\"><strong>Grille tarifaire horaire<\/strong>&nbsp;:<\/h3>\n\n\n\n<ul class=\"wp-block-list\">\n<li>1 participant : 120\u20ac TTC<\/li>\n\n\n\n<li>2-4 participants d\u2019une m\u00eame structure : 108\u20ac TTC\/personne (-10%)<\/li>\n\n\n\n<li>5+ participants d\u2019une m\u00eame structure : 100\u20ac TTC\/personne (-17%)<\/li>\n<\/ul>\n\n\n\n<p>B\u00e9n\u00e9ficiez des derni\u00e8res innovations QGIS gr\u00e2ce \u00e0 la version 3.44.x que nous utilisons pour toutes les formations ci-dessous.<br>R\u00e9servez votre place : nous programmons votre formation d\u00e8s r\u00e9ception de votre bon de commande sign\u00e9.<\/p>\n\n\n\n<!-- Bouton centr\u00e9 -->\n<div style=\"text-align: center; margin: 30px 0;\">\n    <button onclick=\"openForm()\" style=\"background:#007cba; color:white; padding:15px 30px; border:none; border-radius:5px; cursor:pointer; font-size:16px;\">\n        R\u00e9server une formation\n    <\/button>\n<\/div>\n\n<!-- Modal avec iframe -->\n<div id=\"form-modal\" style=\"display:none; position:fixed; top:0; left:0; width:100%; height:100%; background:rgba(0,0,0,0.7); z-index:9999;\">\n    <div style=\"background:white; margin:20px auto; padding:0; width:90%; max-width:600px; border-radius:8px; position:relative; height:80vh; overflow:hidden;\">\n        <div style=\"background:#007cba; color:white; padding:15px 20px; display:flex; justify-content:space-between; align-items:center; border-radius:8px 8px 0 0;\">\n            <h3 style=\"margin:0; color:white;\">Formulaire de r\u00e9servation<\/h3>\n            <span onclick=\"closeForm()\" style=\"cursor:pointer; font-size:24px; color:white; width:30px; height:30px; display:flex; align-items:center; justify-content:center; border-radius:50%; background:rgba(255,255,255,0.2);\">&times;<\/span>\n        <\/div>\n        <iframe id=\"form-iframe\" src=\"\" style=\"width:100%; height:calc(100% - 60px); border:none;\"><\/iframe>\n    <\/div>\n<\/div>\n\n<script>\nfunction openForm() {\n    \/\/ Charger l'iframe seulement \u00e0 l'ouverture\n    document.getElementById('form-iframe').src = 'https:\/\/sigefor.be\/sigefor\/pro\/formulaire-inscription\/';\n    document.getElementById('form-modal').style.display = 'block';\n    document.body.style.overflow = 'hidden';\n}\n\nfunction closeForm() {\n    document.getElementById('form-modal').style.display = 'none';\n    document.body.style.overflow = 'auto';\n    \n    \/\/ Vider l'iframe pour \u00e9viter les probl\u00e8mes de cache\n    setTimeout(function() {\n        document.getElementById('form-iframe').src = '';\n    }, 300);\n}\n\n\/\/ \u00c9couter les messages de l'iframe\nwindow.addEventListener('message', function(event) {\n    if (event.data === 'form_submitted') {\n        setTimeout(function() {\n            closeForm();\n            alert('Votre demande a \u00e9t\u00e9 envoy\u00e9e avec succ\u00e8s !');\n        }, 2000);\n    }\n});\n\n\/\/ Fermer avec \u00c9chap\ndocument.addEventListener('keydown', function(event) {\n    if (event.key === 'Escape') {\n        closeForm();\n    }\n});\n\n\/\/ Fermer si clic \u00e0 l'ext\u00e9rieur\ndocument.getElementById('form-modal').addEventListener('click', function(e) {\n    if (e.target === this) {\n        closeForm();\n    }\n});\n<\/script>\n\n\n\n<h3 class=\"wp-block-heading\">Modules IA et Automatisation<\/h3>\n\n\n\n<figure class=\"wp-block-table\"><table class=\"has-fixed-layout\"><thead><tr><th><strong>Nom du module<\/strong><\/th><th>&nbsp;<strong>Description<\/strong><\/th><th><strong>Dur\u00e9e<\/strong><\/th><\/tr><\/thead><tbody><tr><td><span class=\"badge-ia\">IA<\/span> D\u00e9finir des requ\u00eates de localisation complexes sur base des op\u00e9rateurs de g\u00e9om\u00e9trie<\/td><td>Ma\u00eetrisez les outils de s\u00e9lection spatiale avanc\u00e9s. Apprenez \u00e0 combiner plusieurs crit\u00e8res g\u00e9om\u00e9triques pour identifier pr\u00e9cis\u00e9ment les \u00e9l\u00e9ments qui r\u00e9pondent \u00e0 vos besoins d&rsquo;analyse territoriale.<\/td><td>3 Heures<\/td><\/tr><tr><td><span class=\"badge-ia\">IA<\/span> D\u00e9finir une symbologie multi-crit\u00e8res via un ensemble de r\u00e8gles<\/td><td>La symbologie bas\u00e9e sur des r\u00e8gles dans QGIS est une m\u00e9thode puissante pour personnaliser l\u2019apparence des couches g\u00e9ographiques en fonction de crit\u00e8res mutiples et sp\u00e9cifiques.<\/td><td>3 Heures<\/td><\/tr><tr><td><img loading=\"lazy\" decoding=\"async\" src=\"https:\/\/sigefor.be\/sigefor\/pro\/wp-content\/uploads\/sites\/2\/2025\/09\/QGIS_atlas-plans.png\" alt=\"cours QGIS avanc\u00e9s Module Atlas de plans QGIS\" width=\"50\" height=\"50\" style=\"vertical-align: middle; margin-right: 10px;\"><strong>Atlas de plans<\/strong><\/td><td>L\u2019Atlas de plans est une fonctionnalit\u00e9 puissante qui permet de g\u00e9n\u00e9rer automatiquement une s\u00e9rie de cartes bas\u00e9es sur une couche g\u00e9ographique de r\u00e9f\u00e9rence (limites communales par exemple). Les nouveaut\u00e9s apparues avec la version 3.42.x sont exploit\u00e9es.<\/td><td>3 Heures<\/td><\/tr><tr><td><img loading=\"lazy\" decoding=\"async\" src=\"https:\/\/sigefor.be\/sigefor\/pro\/wp-content\/uploads\/sites\/2\/2025\/09\/QGIS_atlas-plans.png\" alt=\"cours QGIS avanc\u00e9s Module Atlas de plans QGIS\" width=\"50\" height=\"50\" style=\"vertical-align: middle; margin-right: 10px;\"><strong>S\u00e9rie temporelle avec atlas de plans<\/strong><\/td><td>Donnez vie \u00e0 vos donn\u00e9es en ajoutant la dimension temporelle \u00e0 vos cartes QGIS. Premi\u00e8rement, configurez l&rsquo;animation de vos couches pour observer l&rsquo;\u00e9volution temporelle de vos donn\u00e9es. Ensuite, cr\u00e9ez un atlas chronologique (non spatial) pour structurer votre cartographie temporelle. Puis, g\u00e9n\u00e9rez automatiquement une collection de cartes annuelles. Finalement, assemblez le tout en animation cartographique dynamique qui r\u00e9v\u00e8le les tendances temporelles.<br><strong>Pr\u00e9requis :<\/strong> Ma\u00eetrise de la cr\u00e9ation d&rsquo;atlas de plans classiques.<\/td><td>3 Heures<\/td><\/tr><\/tbody><\/table><\/figure>\n\n\n\n<h3 class=\"wp-block-heading\">Modules Cartographie Avanc\u00e9e<\/h3>\n\n\n\n<figure id=\"legende\" class=\"wp-block-table\"><table class=\"has-fixed-layout\"><thead><tr><th><strong>Nom du module<\/strong><\/th><th>&nbsp;<strong>Description<\/strong><\/th><th><strong>Dur\u00e9e<\/strong><\/th><\/tr><\/thead><tbody><tr><td><img loading=\"lazy\" decoding=\"async\" width=\"50\" height=\"50\" style=\"vertical-align: middle; margin-right: 10px;\" src=\"https:\/\/sigefor.be\/sigefor\/pro\/wp-content\/uploads\/sites\/2\/2025\/09\/QGIS_map-legend.png\" alt=\"cours QGIS avanc\u00e9s Module L\u00e9gende QGIS\"><strong>L\u00e9gende des \u00e9tiquettes et symboles<\/strong><\/td><td>Ma\u00eetrisez parfaitement le positionnement des \u00e9tiquettes dans vos cartes QGIS. Premi\u00e8rement, apprenez \u00e0 g\u00e9rer les interactions entre \u00e9tiquettes. Puis, optimisez leur placement par rapport aux autres \u00e9l\u00e9ments cartographiques. Enfin, exploitez les nouveaut\u00e9s apparues avec la version 3.42.x pour un rendu professionnel.<\/td><td>3 Heures<\/td><\/tr><tr><td><img loading=\"lazy\" decoding=\"async\" width=\"50\" height=\"50\" style=\"vertical-align: middle; margin-right: 10px;\" src=\"https:\/\/sigefor.be\/sigefor\/pro\/wp-content\/uploads\/sites\/2\/2025\/09\/QGIS_statistics.png\" alt=\"cours QGIS avanc\u00e9s  Module Statistique QGIS\"><strong>Fonctions statistiques <\/strong><\/td><td>Exploitez pleinement les capacit\u00e9s statistiques m\u00e9connues de QGIS. D&rsquo;abord, d\u00e9couvrez les outils d&rsquo;analyse de base int\u00e9gr\u00e9s. Ensuite, cr\u00e9ez des histogrammes et diagrammes percutants. Puis, ma\u00eetrisez le plugin Group Stats. Finalement, exportez vos donn\u00e9es pour cr\u00e9er des Tableaux Crois\u00e9s Dynamiques.<\/td><td>2 Heures<\/td><\/tr><tr><td><img loading=\"lazy\" decoding=\"async\" src=\"https:\/\/sigefor.be\/sigefor\/pro\/wp-content\/uploads\/sites\/2\/2025\/09\/QGIS_ImportPhotos.png\" alt=\"cours QGIS avanc\u00e9s Phototh\u00e8que Import Photos\" width=\"50\" height=\"50\" style=\"vertical-align: middle; margin-right: 10px;\"><strong>Phototh\u00e8que<\/strong><\/td><td>Cette formation pr\u00e9sente d&rsquo;abord le module ImportPhotos de QGIS, un outil innovant permettant d&rsquo;int\u00e9grer et de g\u00e9olocaliser automatiquement vos images \u00e0 partir des m\u00e9tadonn\u00e9es EXIF des photos. En pratique, au cours de cette session, vous apprendrez premi\u00e8rement \u00e0 importer des photos, ensuite \u00e0 les visualiser sur une carte et finalement \u00e0 les exploiter pour enrichir vos analyses. De plus, le logiciel gratuit GeoSetter sera utilis\u00e9 pour appliquer une correction des coordonn\u00e9es GPS des photos l\u00e0 o\u00f9 c&rsquo;est n\u00e9cessaire.<\/td><td>3 Heures<\/td><\/tr><\/tbody><\/table><\/figure>\n\n\n\n<h3 class=\"wp-block-heading\">Modules Donn\u00e9es et Formats<\/h3>\n\n\n\n<figure class=\"wp-block-table\"><table class=\"has-fixed-layout\"><thead><tr><th><strong>Nom du module<\/strong><\/th><th>&nbsp;<strong>Description<\/strong><\/th><th><strong>Dur\u00e9e<\/strong><\/th><\/tr><\/thead><tbody><tr><td><img loading=\"lazy\" decoding=\"async\" src=\"https:\/\/sigefor.be\/sigefor\/pro\/wp-content\/uploads\/sites\/2\/2025\/09\/Openstreetmap_logo.png\" alt=\"cours QGIS avanc\u00e9s OSM Open Street Map\" width=\"50\" height=\"50\" style=\"vertical-align: middle; margin-right: 10px;\"><strong>Open Street Map<\/strong><\/td><td>Open Street Map est une base de donn\u00e9es g\u00e9ographiques libre et gratuite, coop\u00e9rative et d\u2019une richesse incomparable. Les donn\u00e9es d\u2019OSM permettent aux utilisateurs de s\u2019affranchir de solutions commerciales. Lors de la formation, des outils gratuits de la communaut\u00e9 OSM seront pr\u00e9sent\u00e9s pour utiliser ces donn\u00e9es : wiki OSM, t\u00e9l\u00e9chargement global ou par zone, requ\u00eates de t\u00e9l\u00e9chargement et l\u00e9gendes sp\u00e9cifiques OSM.<\/td><td>3 Heures<\/td><\/tr><tr><td><img loading=\"lazy\" decoding=\"async\" src=\"https:\/\/sigefor.be\/sigefor\/pro\/wp-content\/uploads\/sites\/2\/2025\/09\/QGIS_database-storage.png\" alt=\"cours QGIS avanc\u00e9s GeoPackage QGIS\" width=\"50\" height=\"50\" style=\"vertical-align: middle; margin-right: 10px;\"><strong>Le format de donn\u00e9es GeoPackage<\/strong><\/td><td>Adoptez le format GeoPackage (GPKG), solution moderne et performante pour vos donn\u00e9es g\u00e9ospatiales. D&rsquo;abord, d\u00e9couvrez pourquoi ce format unique d\u00e9passe les limitations du ShapeFile traditionnel.<br>Ensuite, apprenez \u00e0 migrer efficacement vos donn\u00e9es existantes vers GPKG. Puis, ma\u00eetrisez les outils de gestion avanc\u00e9s et les requ\u00eates optimis\u00e9es. Finalement, exploitez pleinement ses capacit\u00e9s dans vos projets QGIS quotidiens.<\/td><td>3 Heures<\/td><\/tr><tr><td><img loading=\"lazy\" decoding=\"async\" src=\"https:\/\/sigefor.be\/sigefor\/pro\/wp-content\/uploads\/sites\/2\/2025\/09\/QGIS_raster.png\" alt=\"cours QGIS avanc\u00e9s Raster QGIS\" width=\"50\" height=\"50\" style=\"vertical-align: middle; margin-right: 10px;\"><strong>Introduction aux donn\u00e9es RASTER<\/strong><\/td><td>Ma\u00eetrisez les fondamentaux des donn\u00e9es raster dans QGIS gr\u00e2ce \u00e0 cette formation compl\u00e8te. D&rsquo;abord, importez vos premiers jeux de donn\u00e9es raster et configurez leur affichage optimal. Ensuite, explorez les diff\u00e9rences cl\u00e9s entre donn\u00e9es raster et vectorielles \u00e0 travers des exemples concrets. Puis, analysez efficacement vos donn\u00e9es gr\u00e2ce aux outils d&rsquo;analyse spatiale d\u00e9di\u00e9s. Finalement, int\u00e9grez ces nouvelles comp\u00e9tences dans vos projets SIG existants pour enrichir vos analyses territoriales.<\/td><td>3 Heures<\/td><\/tr><tr><td><img loading=\"lazy\" decoding=\"async\" src=\"https:\/\/sigefor.be\/sigefor\/pro\/wp-content\/uploads\/sites\/2\/2025\/09\/QGIS_raster_traitement.png\" alt=\"cours QGIS avanc\u00e9s Raster Traitement QGIS\" width=\"50\" height=\"50\" style=\"vertical-align: middle; margin-right: 10px;\"><strong>Traitement d\u2019images RASTER<\/strong><\/td><td>D\u00e9couvrez comment ma\u00eetriser les outils et techniques de traitement des donn\u00e9es raster dans QGIS gr\u00e2ce \u00e0 cette formation sp\u00e9cialis\u00e9e. D&rsquo;abord, explorez les concepts fondamentaux \u00e0 travers des d\u00e9monstrations concr\u00e8tes. Ensuite, mettez en pratique vos acquis lors d&rsquo;exercices dirig\u00e9s o\u00f9 vous manipulerez et analyserez efficacement des images satellite, des mod\u00e8les num\u00e9riques d&rsquo;\u00e9l\u00e9vation et d&rsquo;autres jeux de donn\u00e9es raster.<br><br>Progressivement, la formation aborde des techniques avanc\u00e9es telles que le filtrage, la classification et le calcul matriciel. Ainsi, vous d\u00e9velopperez les comp\u00e9tences n\u00e9cessaires pour transformer et exploiter vos donn\u00e9es raster.<\/td><td>3 Heures<\/td><\/tr><\/tbody><\/table><\/figure>\n","protected":false},"excerpt":{"rendered":"<p>Acc\u00e9dez \u00e0 un support p\u00e9dagogique complet et exploitez une base de donn\u00e9es exemplative avec chaque module de formation. Choisissez votre format : participez en distanciel ou demandez une session en pr\u00e9sentiel dans vos locaux. Grille tarifaire horaire&nbsp;: B\u00e9n\u00e9ficiez des derni\u00e8res innovations QGIS gr\u00e2ce \u00e0 la version 3.44.x que nous utilisons pour toutes les formations ci-dessous.R\u00e9servez&hellip;&nbsp;<a href=\"https:\/\/sigefor.be\/sigefor\/pro\/cours-qgis-avances\/\" rel=\"bookmark\"><span class=\"screen-reader-text\">Modules sp\u00e9cialis\u00e9s QGIS<\/span><\/a><\/p>\n","protected":false},"author":2,"featured_media":0,"parent":0,"menu_order":0,"comment_status":"closed","ping_status":"closed","template":"","meta":{"neve_meta_sidebar":"","neve_meta_container":"","neve_meta_enable_content_width":"","neve_meta_content_width":0,"neve_meta_title_alignment":"","neve_meta_author_avatar":"","neve_post_elements_order":"","neve_meta_disable_header":"","neve_meta_disable_footer":"","neve_meta_disable_title":"","_themeisle_gutenberg_block_has_review":false,"footnotes":""},"class_list":["post-543","page","type-page","status-publish","hentry"],"yoast_head":"<!-- This site is optimized with the Yoast SEO plugin v27.3 - https:\/\/yoast.com\/product\/yoast-seo-wordpress\/ -->\n<title>Modules QGIS Avanc\u00e9s : Formations Sp\u00e9cialis\u00e9es &amp; Cours Expert<\/title>\n<meta name=\"description\" content=\"cours QGIS avanc\u00e9s par SIGEFOR : Atlas de plans, Open Street Map, donn\u00e9es Raster, IA,. Formations sp\u00e9cialis\u00e9es d&#039;une dur\u00e9e de 2 \u00e0 3 heures\" \/>\n<meta name=\"robots\" content=\"index, follow, max-snippet:-1, max-image-preview:large, max-video-preview:-1\" \/>\n<link rel=\"canonical\" href=\"https:\/\/sigefor.be\/sigefor\/pro\/cours-qgis-avances\/\" \/>\n<meta property=\"og:locale\" content=\"fr_FR\" \/>\n<meta property=\"og:type\" content=\"article\" \/>\n<meta property=\"og:title\" content=\"Modules QGIS Avanc\u00e9s : Formations Sp\u00e9cialis\u00e9es &amp; Cours Expert\" \/>\n<meta property=\"og:description\" content=\"cours QGIS avanc\u00e9s par SIGEFOR : Atlas de plans, Open Street Map, donn\u00e9es Raster, IA,. Formations sp\u00e9cialis\u00e9es d&#039;une dur\u00e9e de 2 \u00e0 3 heures\" \/>\n<meta property=\"og:url\" content=\"https:\/\/sigefor.be\/sigefor\/pro\/cours-qgis-avances\/\" \/>\n<meta property=\"og:site_name\" content=\"SIG, Environnement &amp; FORmation\" \/>\n<meta property=\"article:modified_time\" content=\"2026-02-03T16:37:41+00:00\" \/>\n<meta property=\"og:image\" content=\"https:\/\/sigefor.be\/sigefor\/pro\/wp-content\/uploads\/sites\/2\/2025\/09\/QGIS_atlas-plans.png\" \/>\n<meta name=\"twitter:card\" content=\"summary_large_image\" \/>\n<meta name=\"twitter:label1\" content=\"Dur\u00e9e de lecture estim\u00e9e\" \/>\n\t<meta name=\"twitter:data1\" content=\"6 minutes\" \/>\n<script type=\"application\/ld+json\" class=\"yoast-schema-graph\">{\"@context\":\"https:\\\/\\\/schema.org\",\"@graph\":[{\"@type\":\"WebPage\",\"@id\":\"https:\\\/\\\/sigefor.be\\\/sigefor\\\/pro\\\/cours-qgis-avances\\\/\",\"url\":\"https:\\\/\\\/sigefor.be\\\/sigefor\\\/pro\\\/cours-qgis-avances\\\/\",\"name\":\"Modules QGIS Avanc\u00e9s : Formations Sp\u00e9cialis\u00e9es & Cours Expert\",\"isPartOf\":{\"@id\":\"https:\\\/\\\/sigefor.be\\\/sigefor\\\/pro\\\/#website\"},\"primaryImageOfPage\":{\"@id\":\"https:\\\/\\\/sigefor.be\\\/sigefor\\\/pro\\\/cours-qgis-avances\\\/#primaryimage\"},\"image\":{\"@id\":\"https:\\\/\\\/sigefor.be\\\/sigefor\\\/pro\\\/cours-qgis-avances\\\/#primaryimage\"},\"thumbnailUrl\":\"https:\\\/\\\/sigefor.be\\\/sigefor\\\/pro\\\/wp-content\\\/uploads\\\/sites\\\/2\\\/2025\\\/09\\\/QGIS_atlas-plans.png\",\"datePublished\":\"2025-09-05T12:50:01+00:00\",\"dateModified\":\"2026-02-03T16:37:41+00:00\",\"description\":\"cours QGIS avanc\u00e9s par SIGEFOR : Atlas de plans, Open Street Map, donn\u00e9es Raster, IA,. Formations sp\u00e9cialis\u00e9es d'une dur\u00e9e de 2 \u00e0 3 heures\",\"breadcrumb\":{\"@id\":\"https:\\\/\\\/sigefor.be\\\/sigefor\\\/pro\\\/cours-qgis-avances\\\/#breadcrumb\"},\"inLanguage\":\"fr-FR\",\"potentialAction\":[{\"@type\":\"ReadAction\",\"target\":[\"https:\\\/\\\/sigefor.be\\\/sigefor\\\/pro\\\/cours-qgis-avances\\\/\"]}]},{\"@type\":\"ImageObject\",\"inLanguage\":\"fr-FR\",\"@id\":\"https:\\\/\\\/sigefor.be\\\/sigefor\\\/pro\\\/cours-qgis-avances\\\/#primaryimage\",\"url\":\"https:\\\/\\\/sigefor.be\\\/sigefor\\\/pro\\\/wp-content\\\/uploads\\\/sites\\\/2\\\/2025\\\/09\\\/QGIS_atlas-plans.png\",\"contentUrl\":\"https:\\\/\\\/sigefor.be\\\/sigefor\\\/pro\\\/wp-content\\\/uploads\\\/sites\\\/2\\\/2025\\\/09\\\/QGIS_atlas-plans.png\",\"width\":512,\"height\":512,\"caption\":\"cours QGIS avanc\u00e9s atlas de plans\"},{\"@type\":\"BreadcrumbList\",\"@id\":\"https:\\\/\\\/sigefor.be\\\/sigefor\\\/pro\\\/cours-qgis-avances\\\/#breadcrumb\",\"itemListElement\":[{\"@type\":\"ListItem\",\"position\":1,\"name\":\"Accueil\",\"item\":\"https:\\\/\\\/sigefor.be\\\/sigefor\\\/pro\\\/\"},{\"@type\":\"ListItem\",\"position\":2,\"name\":\"Modules sp\u00e9cialis\u00e9s QGIS\"}]},{\"@type\":\"WebSite\",\"@id\":\"https:\\\/\\\/sigefor.be\\\/sigefor\\\/pro\\\/#website\",\"url\":\"https:\\\/\\\/sigefor.be\\\/sigefor\\\/pro\\\/\",\"name\":\"SIG, Environnement & FORmation\",\"description\":\"Transformez vos d\u00e9fis environnementaux et de gestion en solutions num\u00e9riques performantes.\",\"publisher\":{\"@id\":\"https:\\\/\\\/sigefor.be\\\/sigefor\\\/pro\\\/#organization\"},\"alternateName\":\"SIGEFOR\",\"potentialAction\":[{\"@type\":\"SearchAction\",\"target\":{\"@type\":\"EntryPoint\",\"urlTemplate\":\"https:\\\/\\\/sigefor.be\\\/sigefor\\\/pro\\\/?s={search_term_string}\"},\"query-input\":{\"@type\":\"PropertyValueSpecification\",\"valueRequired\":true,\"valueName\":\"search_term_string\"}}],\"inLanguage\":\"fr-FR\"},{\"@type\":\"Organization\",\"@id\":\"https:\\\/\\\/sigefor.be\\\/sigefor\\\/pro\\\/#organization\",\"name\":\"SIGEFOR\",\"alternateName\":\"SIGEFOR\",\"url\":\"https:\\\/\\\/sigefor.be\\\/sigefor\\\/pro\\\/\",\"logo\":{\"@type\":\"ImageObject\",\"inLanguage\":\"fr-FR\",\"@id\":\"https:\\\/\\\/sigefor.be\\\/sigefor\\\/pro\\\/#\\\/schema\\\/logo\\\/image\\\/\",\"url\":\"https:\\\/\\\/sigefor.be\\\/sigefor\\\/pro\\\/wp-content\\\/uploads\\\/sites\\\/2\\\/2025\\\/09\\\/cropped-LOGO_SIGEFOR_fond_blanc.jpg\",\"contentUrl\":\"https:\\\/\\\/sigefor.be\\\/sigefor\\\/pro\\\/wp-content\\\/uploads\\\/sites\\\/2\\\/2025\\\/09\\\/cropped-LOGO_SIGEFOR_fond_blanc.jpg\",\"width\":200,\"height\":200,\"caption\":\"SIGEFOR\"},\"image\":{\"@id\":\"https:\\\/\\\/sigefor.be\\\/sigefor\\\/pro\\\/#\\\/schema\\\/logo\\\/image\\\/\"}}]}<\/script>\n<!-- \/ Yoast SEO plugin. -->","yoast_head_json":{"title":"Modules QGIS Avanc\u00e9s : Formations Sp\u00e9cialis\u00e9es & Cours Expert","description":"cours QGIS avanc\u00e9s par SIGEFOR : Atlas de plans, Open Street Map, donn\u00e9es Raster, IA,. Formations sp\u00e9cialis\u00e9es d'une dur\u00e9e de 2 \u00e0 3 heures","robots":{"index":"index","follow":"follow","max-snippet":"max-snippet:-1","max-image-preview":"max-image-preview:large","max-video-preview":"max-video-preview:-1"},"canonical":"https:\/\/sigefor.be\/sigefor\/pro\/cours-qgis-avances\/","og_locale":"fr_FR","og_type":"article","og_title":"Modules QGIS Avanc\u00e9s : Formations Sp\u00e9cialis\u00e9es & Cours Expert","og_description":"cours QGIS avanc\u00e9s par SIGEFOR : Atlas de plans, Open Street Map, donn\u00e9es Raster, IA,. Formations sp\u00e9cialis\u00e9es d'une dur\u00e9e de 2 \u00e0 3 heures","og_url":"https:\/\/sigefor.be\/sigefor\/pro\/cours-qgis-avances\/","og_site_name":"SIG, Environnement &amp; FORmation","article_modified_time":"2026-02-03T16:37:41+00:00","og_image":[{"url":"https:\/\/sigefor.be\/sigefor\/pro\/wp-content\/uploads\/sites\/2\/2025\/09\/QGIS_atlas-plans.png","type":"","width":"","height":""}],"twitter_card":"summary_large_image","twitter_misc":{"Dur\u00e9e de lecture estim\u00e9e":"6 minutes"},"schema":{"@context":"https:\/\/schema.org","@graph":[{"@type":"WebPage","@id":"https:\/\/sigefor.be\/sigefor\/pro\/cours-qgis-avances\/","url":"https:\/\/sigefor.be\/sigefor\/pro\/cours-qgis-avances\/","name":"Modules QGIS Avanc\u00e9s : Formations Sp\u00e9cialis\u00e9es & Cours Expert","isPartOf":{"@id":"https:\/\/sigefor.be\/sigefor\/pro\/#website"},"primaryImageOfPage":{"@id":"https:\/\/sigefor.be\/sigefor\/pro\/cours-qgis-avances\/#primaryimage"},"image":{"@id":"https:\/\/sigefor.be\/sigefor\/pro\/cours-qgis-avances\/#primaryimage"},"thumbnailUrl":"https:\/\/sigefor.be\/sigefor\/pro\/wp-content\/uploads\/sites\/2\/2025\/09\/QGIS_atlas-plans.png","datePublished":"2025-09-05T12:50:01+00:00","dateModified":"2026-02-03T16:37:41+00:00","description":"cours QGIS avanc\u00e9s par SIGEFOR : Atlas de plans, Open Street Map, donn\u00e9es Raster, IA,. Formations sp\u00e9cialis\u00e9es d'une dur\u00e9e de 2 \u00e0 3 heures","breadcrumb":{"@id":"https:\/\/sigefor.be\/sigefor\/pro\/cours-qgis-avances\/#breadcrumb"},"inLanguage":"fr-FR","potentialAction":[{"@type":"ReadAction","target":["https:\/\/sigefor.be\/sigefor\/pro\/cours-qgis-avances\/"]}]},{"@type":"ImageObject","inLanguage":"fr-FR","@id":"https:\/\/sigefor.be\/sigefor\/pro\/cours-qgis-avances\/#primaryimage","url":"https:\/\/sigefor.be\/sigefor\/pro\/wp-content\/uploads\/sites\/2\/2025\/09\/QGIS_atlas-plans.png","contentUrl":"https:\/\/sigefor.be\/sigefor\/pro\/wp-content\/uploads\/sites\/2\/2025\/09\/QGIS_atlas-plans.png","width":512,"height":512,"caption":"cours QGIS avanc\u00e9s atlas de plans"},{"@type":"BreadcrumbList","@id":"https:\/\/sigefor.be\/sigefor\/pro\/cours-qgis-avances\/#breadcrumb","itemListElement":[{"@type":"ListItem","position":1,"name":"Accueil","item":"https:\/\/sigefor.be\/sigefor\/pro\/"},{"@type":"ListItem","position":2,"name":"Modules sp\u00e9cialis\u00e9s QGIS"}]},{"@type":"WebSite","@id":"https:\/\/sigefor.be\/sigefor\/pro\/#website","url":"https:\/\/sigefor.be\/sigefor\/pro\/","name":"SIG, Environnement & FORmation","description":"Transformez vos d\u00e9fis environnementaux et de gestion en solutions num\u00e9riques performantes.","publisher":{"@id":"https:\/\/sigefor.be\/sigefor\/pro\/#organization"},"alternateName":"SIGEFOR","potentialAction":[{"@type":"SearchAction","target":{"@type":"EntryPoint","urlTemplate":"https:\/\/sigefor.be\/sigefor\/pro\/?s={search_term_string}"},"query-input":{"@type":"PropertyValueSpecification","valueRequired":true,"valueName":"search_term_string"}}],"inLanguage":"fr-FR"},{"@type":"Organization","@id":"https:\/\/sigefor.be\/sigefor\/pro\/#organization","name":"SIGEFOR","alternateName":"SIGEFOR","url":"https:\/\/sigefor.be\/sigefor\/pro\/","logo":{"@type":"ImageObject","inLanguage":"fr-FR","@id":"https:\/\/sigefor.be\/sigefor\/pro\/#\/schema\/logo\/image\/","url":"https:\/\/sigefor.be\/sigefor\/pro\/wp-content\/uploads\/sites\/2\/2025\/09\/cropped-LOGO_SIGEFOR_fond_blanc.jpg","contentUrl":"https:\/\/sigefor.be\/sigefor\/pro\/wp-content\/uploads\/sites\/2\/2025\/09\/cropped-LOGO_SIGEFOR_fond_blanc.jpg","width":200,"height":200,"caption":"SIGEFOR"},"image":{"@id":"https:\/\/sigefor.be\/sigefor\/pro\/#\/schema\/logo\/image\/"}}]}},"_links":{"self":[{"href":"https:\/\/sigefor.be\/sigefor\/pro\/wp-json\/wp\/v2\/pages\/543","targetHints":{"allow":["GET"]}}],"collection":[{"href":"https:\/\/sigefor.be\/sigefor\/pro\/wp-json\/wp\/v2\/pages"}],"about":[{"href":"https:\/\/sigefor.be\/sigefor\/pro\/wp-json\/wp\/v2\/types\/page"}],"author":[{"embeddable":true,"href":"https:\/\/sigefor.be\/sigefor\/pro\/wp-json\/wp\/v2\/users\/2"}],"replies":[{"embeddable":true,"href":"https:\/\/sigefor.be\/sigefor\/pro\/wp-json\/wp\/v2\/comments?post=543"}],"version-history":[{"count":43,"href":"https:\/\/sigefor.be\/sigefor\/pro\/wp-json\/wp\/v2\/pages\/543\/revisions"}],"predecessor-version":[{"id":1141,"href":"https:\/\/sigefor.be\/sigefor\/pro\/wp-json\/wp\/v2\/pages\/543\/revisions\/1141"}],"wp:attachment":[{"href":"https:\/\/sigefor.be\/sigefor\/pro\/wp-json\/wp\/v2\/media?parent=543"}],"curies":[{"name":"wp","href":"https:\/\/api.w.org\/{rel}","templated":true}]}}