{"id":539,"date":"2025-09-05T14:46:10","date_gmt":"2025-09-05T12:46:10","guid":{"rendered":"https:\/\/sigefor.be\/sigefor\/pro\/?page_id=539"},"modified":"2026-02-03T17:35:16","modified_gmt":"2026-02-03T16:35:16","slug":"formation-qgis-professionnelle","status":"publish","type":"page","link":"https:\/\/sigefor.be\/sigefor\/pro\/formation-qgis-professionnelle\/","title":{"rendered":"Formations"},"content":{"rendered":"\n<div class=\"wp-block-columns is-layout-flex wp-container-core-columns-is-layout-9d6595d7 wp-block-columns-is-layout-flex\">\n<div class=\"wp-block-column is-layout-flow wp-block-column-is-layout-flow\">\n<h3 class=\"wp-block-heading\">Formation de base<\/h3>\n\n\n\n<p>Depuis 2020, SIGEFOR dispense \u00e0 l\u2019IFAPME de Li\u00e8ge, une formation compl\u00e8te \u00e0 QGIS, en 5 jours, 2 fois par an. Il s\u2019agit d\u2019une formation \u00e9volutive qui s\u2019adapte aux publics vari\u00e9s qui participent \u00e0 la formation : agents communaux, biologistes, charg\u00e9s de mission tourisme ou environnement, architectes, \u2026<\/p>\n\n\n\n<p>Les utilisateurs autodidactes y d\u00e9couvriront aussi des m\u00e9thodes de travail et des fonctionnalit\u00e9s avanc\u00e9es, leur permettant d\u2019am\u00e9liorer leur productivit\u00e9 et d\u2019optimiser leur environnement professionnel.<\/p>\n\n\n\n<div class=\"wp-block-group\"><div class=\"wp-block-group__inner-container is-layout-constrained wp-block-group-is-layout-constrained\">\n<p>Cette formation est certifi\u00e9e&nbsp;<a href=\"https:\/\/qfor.org\/fr\/a-propos-de-qfor\/\" target=\"_blank\" rel=\"noreferrer noopener\">QFOR<\/a>.<\/p>\n\n\n\n<p>D\u00e9tails de la formation&nbsp;<a href=\"https:\/\/www.formation-continue.be\/product\/3508\" target=\"_blank\" rel=\"noreferrer noopener\">ici<\/a>.<\/p>\n<\/div><\/div>\n<\/div>\n\n\n\n<div class=\"wp-block-column is-layout-flow wp-block-column-is-layout-flow\">\n<figure class=\"wp-block-image size-large is-resized\"><img loading=\"lazy\" decoding=\"async\" width=\"1024\" height=\"768\" src=\"https:\/\/sigefor.be\/sigefor\/pro\/wp-content\/uploads\/sites\/2\/2025\/09\/formation_QGIS_IFAPME-1024x768.jpeg\" alt=\"Formation QGIS SIGEFOR - Participants en salle avec support de cours affich\u00e9 sur \u00e9crans\" class=\"wp-image-834\" style=\"width:500px\" srcset=\"https:\/\/sigefor.be\/sigefor\/pro\/wp-content\/uploads\/sites\/2\/2025\/09\/formation_QGIS_IFAPME-1024x768.jpeg 1024w, https:\/\/sigefor.be\/sigefor\/pro\/wp-content\/uploads\/sites\/2\/2025\/09\/formation_QGIS_IFAPME-300x225.jpeg 300w, https:\/\/sigefor.be\/sigefor\/pro\/wp-content\/uploads\/sites\/2\/2025\/09\/formation_QGIS_IFAPME-768x576.jpeg 768w, https:\/\/sigefor.be\/sigefor\/pro\/wp-content\/uploads\/sites\/2\/2025\/09\/formation_QGIS_IFAPME-1536x1152.jpeg 1536w, https:\/\/sigefor.be\/sigefor\/pro\/wp-content\/uploads\/sites\/2\/2025\/09\/formation_QGIS_IFAPME.jpeg 2000w\" sizes=\"auto, (max-width: 1024px) 100vw, 1024px\" \/><figcaption class=\"wp-element-caption\">Salle de formation QGIS \u00e0 l&rsquo;IFAPME de Li\u00e8ge\n<\/figcaption><\/figure>\n\n\n\n<p><a href=\"https:\/\/sigefor.be\/sigefor\/pro\/temoignages-formations-qgis\/\">Avis et t\u00e9moignages des participant.es<\/a><\/p>\n<\/div>\n<\/div>\n\n\n\n<h3 class=\"wp-block-heading\">Formations personnalis\u00e9es<\/h3>\n\n\n\n<p>Avant de d\u00e9finir le contenu de la formation, un rapide bilan de comp\u00e9tences est \u00e9tabli et nous discuttons de vos attentes.<\/p>\n\n\n\n<p>Enti\u00e8rement personnalisable, elle vous permettra d\u2019exploiter pleinement les capacit\u00e9s avanc\u00e9es de QGIS, afin de d\u00e9velopper vos comp\u00e9tences sur le logiciel pour r\u00e9pondre \u00e0 des besoins pr\u00e9cis ou gagner en productivit\u00e9 sur les \u00e9tapes cl\u00e9s de vos traitements.<\/p>\n\n\n\n<p>Proposition de contenu <a href=\"https:\/\/sigefor.be\/sigefor\/pro\/cours-qgis-trois-jours\/\">ici<\/a><\/p>\n\n\n\n<div class=\"wp-block-columns is-layout-flex wp-container-core-columns-is-layout-9d6595d7 wp-block-columns-is-layout-flex\">\n<div class=\"wp-block-column is-layout-flow wp-block-column-is-layout-flow\">\n<h3 class=\"wp-block-heading\">Modules sp\u00e9cialis\u00e9s<\/h3>\n\n\n\n<h4 class=\"wp-block-heading\">S\u00e9lection de modules sp\u00e9cialis\u00e9s  <\/h4>\n\n\n\n<ul class=\"wp-block-list\">\n<li>Atlas de plans<\/li>\n\n\n\n<li><strong>L\u00e9gende avanc\u00e9e<\/strong>&nbsp;: g\u00e9rer au mieux la superposition des \u00e9tiquettes et des symboles<\/li>\n\n\n\n<li>Fonctions statistiques et histogrammes dans QGIS<\/li>\n\n\n\n<li>Open Street Map (OSM)<\/li>\n\n\n\n<li>S\u00e9rie temporelle avec atlas de plans<\/li>\n\n\n\n<li>Introduction aux donn\u00e9es RASTER<\/li>\n<\/ul>\n\n\n\n<h4 class=\"wp-block-heading\">Boostez votre QGIS avec l&rsquo;IA<\/h4>\n\n\n\n<p>Deux nouvelles formations seront propos\u00e9es au 4e trimestre 2025. Vous y apprendrez \u00e0 utiliser l&rsquo;IA pour booster votre QGIS.<\/p>\n\n\n\n<p><a href=\"https:\/\/gamma.app\/docs\/Claude-LAssistant-IA-Nouvelle-Generation-pour-Vos-Projets-8rdvwe12zfhav4o\" target=\"_blank\" rel=\"noreferrer noopener\">Pr\u00e9sentation de \u00ab\u00a0Claude.ai\u00a0\u00bb, l&rsquo;IA retenue par SIGEGOR<\/a><\/p>\n\n\n\n<p><u>Format<\/u> : s\u00e9ance de 3 heures en visio<\/p>\n\n\n\n<ul class=\"wp-block-list\">\n<li><u>S\u00e9ance 1<\/u> : cr\u00e9er des symbologies complexes au format \u00ab\u00a0Ensemble de r\u00e8gles\u00a0\u00bb pour la repr\u00e9sentation de combinaisons d&rsquo;attributs.<\/li>\n\n\n\n<li><u>S\u00e9ance 2<\/u> : d\u00e9finir des requ\u00eates de localisation complexes sur base des op\u00e9rateurs de g\u00e9om\u00e9trie. <a href=\"https:\/\/www.youtube.com\/watch?v=URAm6suRU2g\" target=\"_blank\" rel=\"noreferrer noopener\">Pr\u00e9sentation vid\u00e9o de la formation.<\/a><\/li>\n<\/ul>\n\n\n\n<p>Liste complete des modules et tarifs <a href=\"https:\/\/sigefor.be\/sigefor\/pro\/cours-qgis-avances\/\">ici<\/a><\/p>\n<\/div>\n\n\n\n<div class=\"wp-block-column is-layout-flow wp-block-column-is-layout-flow\">\n<h3 class=\"wp-block-heading\">Cr\u00e9ez votre application SIG avec l&rsquo;IA<\/h3>\n\n\n\n<p>Cette nouvelle formation, disponible au 4e trimestre 2025, vous permettra d&rsquo;acqu\u00e9rir les bases pour d\u00e9velopper votre application en ligne pour diffuser vos donn\u00e9es<\/p>\n\n\n\n<p><u>Format<\/u> : 3 s\u00e9ances de 3 heures en visio. <\/p>\n\n\n\n<p><u>Tarif :<\/u> 900 \u20ac TTC, comprenant l&rsquo;acc\u00e8s aux supports de formation, un mois d&rsquo;h\u00e9bergement gratuit et une heure de support personnalis\u00e9.<\/p>\n\n\n\n<ul class=\"wp-block-list\">\n<li><u> S\u00e9ance 1 <\/u>: cr\u00e9er une application multilingue repr\u00e9sentant la Wallonie \u00e0 travers diff\u00e9rents fonds de carte et disposant d&rsquo;outils de localisation. <a href=\"https:\/\/sigefor.be\/demonstrateurs\/SIGWallonie1\/\" target=\"_blank\" rel=\"noreferrer noopener\">L&rsquo;application apr\u00e8s la s\u00e9ance 1<\/a>.<\/li>\n\n\n\n<li><u>S\u00e9ance 2<\/u> : ajouter des donn\u00e9es de type Point, Ligne, Surface et d\u00e9finir leur symbologie. <a href=\"https:\/\/sigefor.be\/demonstrateurs\/SIGWallonie2\/\" target=\"_blank\" rel=\"noreferrer noopener\">L&rsquo;application apr\u00e8s la s\u00e9ance 2.<\/a><\/li>\n\n\n\n<li><u>S\u00e9ance 3<\/u> : interactions avec les donn\u00e9es : popup au survol, info-bulles sur clic, localisation et autres recherches. <a href=\"https:\/\/sigefor.be\/demonstrateurs\/SIGWallonie3\/\" target=\"_blank\" rel=\"noreferrer noopener\">L&rsquo;application apr\u00e8s la s\u00e9ance 3.<\/a><\/li>\n<\/ul>\n<\/div>\n<\/div>\n\n\n\n<!-- Bouton centr\u00e9 -->\n<div style=\"text-align: center; margin: 30px 0;\">\n    <button onclick=\"openForm()\" style=\"background:#007cba; color:white; padding:15px 30px; border:none; border-radius:5px; cursor:pointer; font-size:16px;\">\n        R\u00e9server une formation\n    <\/button>\n<\/div>\n\n<!-- Modal avec iframe -->\n<div id=\"form-modal\" style=\"display:none; position:fixed; top:0; left:0; width:100%; height:100%; background:rgba(0,0,0,0.7); z-index:9999;\">\n    <div style=\"background:white; margin:20px auto; padding:0; width:90%; max-width:600px; border-radius:8px; position:relative; height:80vh; overflow:hidden;\">\n        <div style=\"background:#007cba; color:white; padding:15px 20px; display:flex; justify-content:space-between; align-items:center; border-radius:8px 8px 0 0;\">\n            <h3 style=\"margin:0; color:white;\">Formulaire de r\u00e9servation<\/h3>\n            <span onclick=\"closeForm()\" style=\"cursor:pointer; font-size:24px; color:white; width:30px; height:30px; display:flex; align-items:center; justify-content:center; border-radius:50%; background:rgba(255,255,255,0.2);\">&times;<\/span>\n        <\/div>\n        <iframe id=\"form-iframe\" src=\"\" style=\"width:100%; height:calc(100% - 60px); border:none;\"><\/iframe>\n    <\/div>\n<\/div>\n\n<script>\nfunction openForm() {\n    \/\/ Charger l'iframe seulement \u00e0 l'ouverture\n    document.getElementById('form-iframe').src = 'https:\/\/sigefor.be\/sigefor\/pro\/formulaire-inscription\/';\n    document.getElementById('form-modal').style.display = 'block';\n    document.body.style.overflow = 'hidden';\n}\n\nfunction closeForm() {\n    document.getElementById('form-modal').style.display = 'none';\n    document.body.style.overflow = 'auto';\n    \n    \/\/ Vider l'iframe pour \u00e9viter les probl\u00e8mes de cache\n    setTimeout(function() {\n        document.getElementById('form-iframe').src = '';\n    }, 300);\n}\n\n\/\/ \u00c9couter les messages de l'iframe\nwindow.addEventListener('message', function(event) {\n    if (event.data === 'form_submitted') {\n        setTimeout(function() {\n            closeForm();\n            alert('Votre demande a \u00e9t\u00e9 envoy\u00e9e avec succ\u00e8s !');\n        }, 2000);\n    }\n});\n\n\/\/ Fermer avec \u00c9chap\ndocument.addEventListener('keydown', function(event) {\n    if (event.key === 'Escape') {\n        closeForm();\n    }\n});\n\n\/\/ Fermer si clic \u00e0 l'ext\u00e9rieur\ndocument.getElementById('form-modal').addEventListener('click', function(e) {\n    if (e.target === this) {\n        closeForm();\n    }\n});\n<\/script>\n\n\n\n<p><\/p>\n","protected":false},"excerpt":{"rendered":"<p>Formation de base Depuis 2020, SIGEFOR dispense \u00e0 l\u2019IFAPME de Li\u00e8ge, une formation compl\u00e8te \u00e0 QGIS, en 5 jours, 2 fois par an. Il s\u2019agit d\u2019une formation \u00e9volutive qui s\u2019adapte aux publics vari\u00e9s qui participent \u00e0 la formation : agents communaux, biologistes, charg\u00e9s de mission tourisme ou environnement, architectes, \u2026 Les utilisateurs autodidactes y d\u00e9couvriront&hellip;&nbsp;<a href=\"https:\/\/sigefor.be\/sigefor\/pro\/formation-qgis-professionnelle\/\" rel=\"bookmark\"><span class=\"screen-reader-text\">Formations<\/span><\/a><\/p>\n","protected":false},"author":2,"featured_media":0,"parent":0,"menu_order":0,"comment_status":"closed","ping_status":"closed","template":"","meta":{"neve_meta_sidebar":"","neve_meta_container":"","neve_meta_enable_content_width":"","neve_meta_content_width":0,"neve_meta_title_alignment":"","neve_meta_author_avatar":"","neve_post_elements_order":"","neve_meta_disable_header":"","neve_meta_disable_footer":"","neve_meta_disable_title":"","_themeisle_gutenberg_block_has_review":false,"footnotes":""},"class_list":["post-539","page","type-page","status-publish","hentry"],"yoast_head":"<!-- This site is optimized with the Yoast SEO plugin v27.3 - https:\/\/yoast.com\/product\/yoast-seo-wordpress\/ -->\n<title>formation QGIS professionnelle : Cours Certifi\u00e9s<\/title>\n<meta name=\"description\" content=\"Formation QGIS professionnelle en Belgique : cours certifi\u00e9s QFOR \u00e0 l&#039;IFAPME Li\u00e8ge formations sur mesure et modules sp\u00e9cialis\u00e9s.\" \/>\n<meta name=\"robots\" content=\"index, follow, max-snippet:-1, max-image-preview:large, max-video-preview:-1\" \/>\n<link rel=\"canonical\" href=\"https:\/\/sigefor.be\/sigefor\/pro\/formation-qgis-professionnelle\/\" \/>\n<meta property=\"og:locale\" content=\"fr_FR\" \/>\n<meta property=\"og:type\" content=\"article\" \/>\n<meta property=\"og:title\" content=\"formation QGIS professionnelle : Cours Certifi\u00e9s\" \/>\n<meta property=\"og:description\" content=\"Formation QGIS professionnelle en Belgique : cours certifi\u00e9s QFOR \u00e0 l&#039;IFAPME Li\u00e8ge formations sur mesure et modules sp\u00e9cialis\u00e9s.\" \/>\n<meta property=\"og:url\" content=\"https:\/\/sigefor.be\/sigefor\/pro\/formation-qgis-professionnelle\/\" \/>\n<meta property=\"og:site_name\" content=\"SIG, Environnement &amp; FORmation\" \/>\n<meta property=\"article:modified_time\" content=\"2026-02-03T16:35:16+00:00\" \/>\n<meta property=\"og:image\" content=\"https:\/\/sigefor.be\/sigefor\/pro\/wp-content\/uploads\/sites\/2\/2025\/09\/formation_QGIS_IFAPME.jpeg\" \/>\n\t<meta property=\"og:image:width\" content=\"2000\" \/>\n\t<meta property=\"og:image:height\" content=\"1500\" \/>\n\t<meta property=\"og:image:type\" content=\"image\/jpeg\" \/>\n<meta name=\"twitter:card\" content=\"summary_large_image\" \/>\n<meta name=\"twitter:label1\" content=\"Dur\u00e9e de lecture estim\u00e9e\" \/>\n\t<meta name=\"twitter:data1\" content=\"3 minutes\" \/>\n<script type=\"application\/ld+json\" class=\"yoast-schema-graph\">{\"@context\":\"https:\\\/\\\/schema.org\",\"@graph\":[{\"@type\":\"WebPage\",\"@id\":\"https:\\\/\\\/sigefor.be\\\/sigefor\\\/pro\\\/formation-qgis-professionnelle\\\/\",\"url\":\"https:\\\/\\\/sigefor.be\\\/sigefor\\\/pro\\\/formation-qgis-professionnelle\\\/\",\"name\":\"formation QGIS professionnelle : Cours Certifi\u00e9s\",\"isPartOf\":{\"@id\":\"https:\\\/\\\/sigefor.be\\\/sigefor\\\/pro\\\/#website\"},\"primaryImageOfPage\":{\"@id\":\"https:\\\/\\\/sigefor.be\\\/sigefor\\\/pro\\\/formation-qgis-professionnelle\\\/#primaryimage\"},\"image\":{\"@id\":\"https:\\\/\\\/sigefor.be\\\/sigefor\\\/pro\\\/formation-qgis-professionnelle\\\/#primaryimage\"},\"thumbnailUrl\":\"https:\\\/\\\/sigefor.be\\\/sigefor\\\/pro\\\/wp-content\\\/uploads\\\/sites\\\/2\\\/2025\\\/09\\\/formation_QGIS_IFAPME-1024x768.jpeg\",\"datePublished\":\"2025-09-05T12:46:10+00:00\",\"dateModified\":\"2026-02-03T16:35:16+00:00\",\"description\":\"Formation QGIS professionnelle en Belgique : cours certifi\u00e9s QFOR \u00e0 l'IFAPME Li\u00e8ge formations sur mesure et modules sp\u00e9cialis\u00e9s.\",\"breadcrumb\":{\"@id\":\"https:\\\/\\\/sigefor.be\\\/sigefor\\\/pro\\\/formation-qgis-professionnelle\\\/#breadcrumb\"},\"inLanguage\":\"fr-FR\",\"potentialAction\":[{\"@type\":\"ReadAction\",\"target\":[\"https:\\\/\\\/sigefor.be\\\/sigefor\\\/pro\\\/formation-qgis-professionnelle\\\/\"]}]},{\"@type\":\"ImageObject\",\"inLanguage\":\"fr-FR\",\"@id\":\"https:\\\/\\\/sigefor.be\\\/sigefor\\\/pro\\\/formation-qgis-professionnelle\\\/#primaryimage\",\"url\":\"https:\\\/\\\/sigefor.be\\\/sigefor\\\/pro\\\/wp-content\\\/uploads\\\/sites\\\/2\\\/2025\\\/09\\\/formation_QGIS_IFAPME.jpeg\",\"contentUrl\":\"https:\\\/\\\/sigefor.be\\\/sigefor\\\/pro\\\/wp-content\\\/uploads\\\/sites\\\/2\\\/2025\\\/09\\\/formation_QGIS_IFAPME.jpeg\",\"width\":2000,\"height\":1500,\"caption\":\"Salle de formation QGIS \u00e0 l'IFAPME de Li\u00e8ge\"},{\"@type\":\"BreadcrumbList\",\"@id\":\"https:\\\/\\\/sigefor.be\\\/sigefor\\\/pro\\\/formation-qgis-professionnelle\\\/#breadcrumb\",\"itemListElement\":[{\"@type\":\"ListItem\",\"position\":1,\"name\":\"Accueil\",\"item\":\"https:\\\/\\\/sigefor.be\\\/sigefor\\\/pro\\\/\"},{\"@type\":\"ListItem\",\"position\":2,\"name\":\"Formations\"}]},{\"@type\":\"WebSite\",\"@id\":\"https:\\\/\\\/sigefor.be\\\/sigefor\\\/pro\\\/#website\",\"url\":\"https:\\\/\\\/sigefor.be\\\/sigefor\\\/pro\\\/\",\"name\":\"SIG, Environnement & FORmation\",\"description\":\"Transformez vos d\u00e9fis environnementaux et de gestion en solutions num\u00e9riques performantes.\",\"publisher\":{\"@id\":\"https:\\\/\\\/sigefor.be\\\/sigefor\\\/pro\\\/#organization\"},\"alternateName\":\"SIGEFOR\",\"potentialAction\":[{\"@type\":\"SearchAction\",\"target\":{\"@type\":\"EntryPoint\",\"urlTemplate\":\"https:\\\/\\\/sigefor.be\\\/sigefor\\\/pro\\\/?s={search_term_string}\"},\"query-input\":{\"@type\":\"PropertyValueSpecification\",\"valueRequired\":true,\"valueName\":\"search_term_string\"}}],\"inLanguage\":\"fr-FR\"},{\"@type\":\"Organization\",\"@id\":\"https:\\\/\\\/sigefor.be\\\/sigefor\\\/pro\\\/#organization\",\"name\":\"SIGEFOR\",\"alternateName\":\"SIGEFOR\",\"url\":\"https:\\\/\\\/sigefor.be\\\/sigefor\\\/pro\\\/\",\"logo\":{\"@type\":\"ImageObject\",\"inLanguage\":\"fr-FR\",\"@id\":\"https:\\\/\\\/sigefor.be\\\/sigefor\\\/pro\\\/#\\\/schema\\\/logo\\\/image\\\/\",\"url\":\"https:\\\/\\\/sigefor.be\\\/sigefor\\\/pro\\\/wp-content\\\/uploads\\\/sites\\\/2\\\/2025\\\/09\\\/cropped-LOGO_SIGEFOR_fond_blanc.jpg\",\"contentUrl\":\"https:\\\/\\\/sigefor.be\\\/sigefor\\\/pro\\\/wp-content\\\/uploads\\\/sites\\\/2\\\/2025\\\/09\\\/cropped-LOGO_SIGEFOR_fond_blanc.jpg\",\"width\":200,\"height\":200,\"caption\":\"SIGEFOR\"},\"image\":{\"@id\":\"https:\\\/\\\/sigefor.be\\\/sigefor\\\/pro\\\/#\\\/schema\\\/logo\\\/image\\\/\"}}]}<\/script>\n<!-- \/ Yoast SEO plugin. -->","yoast_head_json":{"title":"formation QGIS professionnelle : Cours Certifi\u00e9s","description":"Formation QGIS professionnelle en Belgique : cours certifi\u00e9s QFOR \u00e0 l'IFAPME Li\u00e8ge formations sur mesure et modules sp\u00e9cialis\u00e9s.","robots":{"index":"index","follow":"follow","max-snippet":"max-snippet:-1","max-image-preview":"max-image-preview:large","max-video-preview":"max-video-preview:-1"},"canonical":"https:\/\/sigefor.be\/sigefor\/pro\/formation-qgis-professionnelle\/","og_locale":"fr_FR","og_type":"article","og_title":"formation QGIS professionnelle : Cours Certifi\u00e9s","og_description":"Formation QGIS professionnelle en Belgique : cours certifi\u00e9s QFOR \u00e0 l'IFAPME Li\u00e8ge formations sur mesure et modules sp\u00e9cialis\u00e9s.","og_url":"https:\/\/sigefor.be\/sigefor\/pro\/formation-qgis-professionnelle\/","og_site_name":"SIG, Environnement &amp; FORmation","article_modified_time":"2026-02-03T16:35:16+00:00","og_image":[{"width":2000,"height":1500,"url":"https:\/\/sigefor.be\/sigefor\/pro\/wp-content\/uploads\/sites\/2\/2025\/09\/formation_QGIS_IFAPME.jpeg","type":"image\/jpeg"}],"twitter_card":"summary_large_image","twitter_misc":{"Dur\u00e9e de lecture estim\u00e9e":"3 minutes"},"schema":{"@context":"https:\/\/schema.org","@graph":[{"@type":"WebPage","@id":"https:\/\/sigefor.be\/sigefor\/pro\/formation-qgis-professionnelle\/","url":"https:\/\/sigefor.be\/sigefor\/pro\/formation-qgis-professionnelle\/","name":"formation QGIS professionnelle : Cours Certifi\u00e9s","isPartOf":{"@id":"https:\/\/sigefor.be\/sigefor\/pro\/#website"},"primaryImageOfPage":{"@id":"https:\/\/sigefor.be\/sigefor\/pro\/formation-qgis-professionnelle\/#primaryimage"},"image":{"@id":"https:\/\/sigefor.be\/sigefor\/pro\/formation-qgis-professionnelle\/#primaryimage"},"thumbnailUrl":"https:\/\/sigefor.be\/sigefor\/pro\/wp-content\/uploads\/sites\/2\/2025\/09\/formation_QGIS_IFAPME-1024x768.jpeg","datePublished":"2025-09-05T12:46:10+00:00","dateModified":"2026-02-03T16:35:16+00:00","description":"Formation QGIS professionnelle en Belgique : cours certifi\u00e9s QFOR \u00e0 l'IFAPME Li\u00e8ge formations sur mesure et modules sp\u00e9cialis\u00e9s.","breadcrumb":{"@id":"https:\/\/sigefor.be\/sigefor\/pro\/formation-qgis-professionnelle\/#breadcrumb"},"inLanguage":"fr-FR","potentialAction":[{"@type":"ReadAction","target":["https:\/\/sigefor.be\/sigefor\/pro\/formation-qgis-professionnelle\/"]}]},{"@type":"ImageObject","inLanguage":"fr-FR","@id":"https:\/\/sigefor.be\/sigefor\/pro\/formation-qgis-professionnelle\/#primaryimage","url":"https:\/\/sigefor.be\/sigefor\/pro\/wp-content\/uploads\/sites\/2\/2025\/09\/formation_QGIS_IFAPME.jpeg","contentUrl":"https:\/\/sigefor.be\/sigefor\/pro\/wp-content\/uploads\/sites\/2\/2025\/09\/formation_QGIS_IFAPME.jpeg","width":2000,"height":1500,"caption":"Salle de formation QGIS \u00e0 l'IFAPME de Li\u00e8ge"},{"@type":"BreadcrumbList","@id":"https:\/\/sigefor.be\/sigefor\/pro\/formation-qgis-professionnelle\/#breadcrumb","itemListElement":[{"@type":"ListItem","position":1,"name":"Accueil","item":"https:\/\/sigefor.be\/sigefor\/pro\/"},{"@type":"ListItem","position":2,"name":"Formations"}]},{"@type":"WebSite","@id":"https:\/\/sigefor.be\/sigefor\/pro\/#website","url":"https:\/\/sigefor.be\/sigefor\/pro\/","name":"SIG, Environnement & FORmation","description":"Transformez vos d\u00e9fis environnementaux et de gestion en solutions num\u00e9riques performantes.","publisher":{"@id":"https:\/\/sigefor.be\/sigefor\/pro\/#organization"},"alternateName":"SIGEFOR","potentialAction":[{"@type":"SearchAction","target":{"@type":"EntryPoint","urlTemplate":"https:\/\/sigefor.be\/sigefor\/pro\/?s={search_term_string}"},"query-input":{"@type":"PropertyValueSpecification","valueRequired":true,"valueName":"search_term_string"}}],"inLanguage":"fr-FR"},{"@type":"Organization","@id":"https:\/\/sigefor.be\/sigefor\/pro\/#organization","name":"SIGEFOR","alternateName":"SIGEFOR","url":"https:\/\/sigefor.be\/sigefor\/pro\/","logo":{"@type":"ImageObject","inLanguage":"fr-FR","@id":"https:\/\/sigefor.be\/sigefor\/pro\/#\/schema\/logo\/image\/","url":"https:\/\/sigefor.be\/sigefor\/pro\/wp-content\/uploads\/sites\/2\/2025\/09\/cropped-LOGO_SIGEFOR_fond_blanc.jpg","contentUrl":"https:\/\/sigefor.be\/sigefor\/pro\/wp-content\/uploads\/sites\/2\/2025\/09\/cropped-LOGO_SIGEFOR_fond_blanc.jpg","width":200,"height":200,"caption":"SIGEFOR"},"image":{"@id":"https:\/\/sigefor.be\/sigefor\/pro\/#\/schema\/logo\/image\/"}}]}},"_links":{"self":[{"href":"https:\/\/sigefor.be\/sigefor\/pro\/wp-json\/wp\/v2\/pages\/539","targetHints":{"allow":["GET"]}}],"collection":[{"href":"https:\/\/sigefor.be\/sigefor\/pro\/wp-json\/wp\/v2\/pages"}],"about":[{"href":"https:\/\/sigefor.be\/sigefor\/pro\/wp-json\/wp\/v2\/types\/page"}],"author":[{"embeddable":true,"href":"https:\/\/sigefor.be\/sigefor\/pro\/wp-json\/wp\/v2\/users\/2"}],"replies":[{"embeddable":true,"href":"https:\/\/sigefor.be\/sigefor\/pro\/wp-json\/wp\/v2\/comments?post=539"}],"version-history":[{"count":54,"href":"https:\/\/sigefor.be\/sigefor\/pro\/wp-json\/wp\/v2\/pages\/539\/revisions"}],"predecessor-version":[{"id":1140,"href":"https:\/\/sigefor.be\/sigefor\/pro\/wp-json\/wp\/v2\/pages\/539\/revisions\/1140"}],"wp:attachment":[{"href":"https:\/\/sigefor.be\/sigefor\/pro\/wp-json\/wp\/v2\/media?parent=539"}],"curies":[{"name":"wp","href":"https:\/\/api.w.org\/{rel}","templated":true}]}}