{"id":512,"date":"2025-09-05T13:30:59","date_gmt":"2025-09-05T11:30:59","guid":{"rendered":"https:\/\/sigefor.be\/sigefor\/pro\/?page_id=512"},"modified":"2026-02-03T12:45:34","modified_gmt":"2026-02-03T11:45:34","slug":"arbopix","status":"publish","type":"page","link":"https:\/\/sigefor.be\/sigefor\/pro\/arbopix\/","title":{"rendered":"ArboPIX"},"content":{"rendered":"\n<h3 class=\"wp-block-heading\">Suivi intelligent du patrimoine arbor\u00e9<\/h3>\n\n\n\n<div class=\"wp-block-columns is-layout-flex wp-container-core-columns-is-layout-9d6595d7 wp-block-columns-is-layout-flex\">\n<div class=\"wp-block-column is-layout-flow wp-block-column-is-layout-flow\" style=\"flex-basis:66.66%\">\n<p><strong>ArboPIX <\/strong>est une application cartographique innovante qui combine une galerie de photos g\u00e9olocalis\u00e9es \u00e0 une carte interactive pour le suivi intelligent du patrimoine arbor\u00e9. Cette solution permet de documenter et g\u00e9rer efficacement les arbres de vergers, des parcs ou des plantations urbaines (\u00ab\u00a0Plan Canop\u00e9e\u00a0\u00bb).<\/p>\n\n\n\n<p>D&rsquo;un simple clic sur la carte interactive, vous pouvez visualiser les photos de chaque arbre et acc\u00e9der \u00e0 ses informations d\u00e9taill\u00e9es. L&rsquo;application offre des fonctionnalit\u00e9s de recherche avanc\u00e9es par num\u00e9ro d&rsquo;arbre, esp\u00e8ce, ann\u00e9e de plantation ou mots-cl\u00e9s, permettant une navigation intuitive dans votre inventaire.<\/p>\n\n\n\n<p><strong>ArboPIX <\/strong>transforme la gestion arboricole en v\u00e9ritable carnet de bord num\u00e9rique o\u00f9 vous pouvez documenter vos observations terrain, noter l&rsquo;\u00e9tat sanitaire des arbres, programmer les interventions n\u00e9cessaires et constituer un suivi exhaustif de vos plantations. L&rsquo;outil g\u00e9n\u00e8re \u00e9galement des rapports personnalis\u00e9s et des albums photos pr\u00eats pour l&rsquo;impression, facilitant ainsi la communication et l&rsquo;archivage de votre patrimoine v\u00e9g\u00e9tal.<\/p>\n\n\n\n<p><strong>ArboPIX <\/strong>se d\u00e9cline en deux versions :<\/p>\n\n\n\n<ul class=\"wp-block-list\">\n<li><a href=\"https:\/\/arbopix.be\/VergerDemo\/login.html?user=visiteur&amp;password=ArboPIX@@guest4041\" type=\"link\" id=\"https:\/\/arbopix.be\/VergerDemo\/login.html?user=visiteur&amp;password=ArboPIX@@guest4041\" target=\"_blank\" rel=\"noreferrer noopener\">Suivi des vergers (mode consultation)<\/a><\/li>\n\n\n\n<li><a href=\"https:\/\/sigefor.be\/demonstrateurs\/arbopixLG\/\" target=\"_blank\" rel=\"noreferrer noopener\">Suivi des boisements urbains<\/a> (Plans Canop\u00e9e)<\/li>\n<\/ul>\n<\/div>\n\n\n\n<div class=\"wp-block-column is-layout-flow wp-block-column-is-layout-flow\" style=\"flex-basis:33.33%\">\n<figure class=\"wp-block-image size-large\"><img loading=\"lazy\" decoding=\"async\" width=\"550\" height=\"1024\" src=\"https:\/\/sigefor.be\/sigefor\/pro\/wp-content\/uploads\/sites\/2\/2026\/02\/Screenshot_2026-02-03-12-43-12-66_40deb401b9ffe8e1df2f1cc5ba480b12-550x1024.jpg\" alt=\"\" class=\"wp-image-1137\" srcset=\"https:\/\/sigefor.be\/sigefor\/pro\/wp-content\/uploads\/sites\/2\/2026\/02\/Screenshot_2026-02-03-12-43-12-66_40deb401b9ffe8e1df2f1cc5ba480b12-550x1024.jpg 550w, https:\/\/sigefor.be\/sigefor\/pro\/wp-content\/uploads\/sites\/2\/2026\/02\/Screenshot_2026-02-03-12-43-12-66_40deb401b9ffe8e1df2f1cc5ba480b12-161x300.jpg 161w, https:\/\/sigefor.be\/sigefor\/pro\/wp-content\/uploads\/sites\/2\/2026\/02\/Screenshot_2026-02-03-12-43-12-66_40deb401b9ffe8e1df2f1cc5ba480b12-768x1429.jpg 768w, https:\/\/sigefor.be\/sigefor\/pro\/wp-content\/uploads\/sites\/2\/2026\/02\/Screenshot_2026-02-03-12-43-12-66_40deb401b9ffe8e1df2f1cc5ba480b12-825x1536.jpg 825w, https:\/\/sigefor.be\/sigefor\/pro\/wp-content\/uploads\/sites\/2\/2026\/02\/Screenshot_2026-02-03-12-43-12-66_40deb401b9ffe8e1df2f1cc5ba480b12.jpg 1080w\" sizes=\"auto, (max-width: 550px) 100vw, 550px\" \/><\/figure>\n<\/div>\n<\/div>\n\n\n\n<p><\/p>\n\n\n\n<p><\/p>\n","protected":false},"excerpt":{"rendered":"<p>Suivi intelligent du patrimoine arbor\u00e9 ArboPIX est une application cartographique innovante qui combine une galerie de photos g\u00e9olocalis\u00e9es \u00e0 une carte interactive pour le suivi intelligent du patrimoine arbor\u00e9. Cette solution permet de documenter et g\u00e9rer efficacement les arbres de vergers, des parcs ou des plantations urbaines (\u00ab\u00a0Plan Canop\u00e9e\u00a0\u00bb). D&rsquo;un simple clic sur la carte&hellip;&nbsp;<a href=\"https:\/\/sigefor.be\/sigefor\/pro\/arbopix\/\" rel=\"bookmark\"><span class=\"screen-reader-text\">ArboPIX<\/span><\/a><\/p>\n","protected":false},"author":2,"featured_media":0,"parent":0,"menu_order":0,"comment_status":"closed","ping_status":"closed","template":"","meta":{"neve_meta_sidebar":"","neve_meta_container":"","neve_meta_enable_content_width":"","neve_meta_content_width":0,"neve_meta_title_alignment":"","neve_meta_author_avatar":"","neve_post_elements_order":"","neve_meta_disable_header":"","neve_meta_disable_footer":"","neve_meta_disable_title":"","_themeisle_gutenberg_block_has_review":false,"footnotes":""},"class_list":["post-512","page","type-page","status-publish","hentry"],"yoast_head":"<!-- This site is optimized with the Yoast SEO plugin v27.3 - https:\/\/yoast.com\/product\/yoast-seo-wordpress\/ -->\n<title>application gestion patrimoine arbor\u00e9 : gestion arboricole ArboPIX<\/title>\n<meta name=\"description\" content=\"application gestion patrimoine arbor\u00e9 avec cartographie interactive et phototh\u00e8que g\u00e9olocalis\u00e9e. Suivi vergers, parcs urbains, Plans Canop\u00e9e.\" \/>\n<meta name=\"robots\" content=\"index, follow, max-snippet:-1, max-image-preview:large, max-video-preview:-1\" \/>\n<link rel=\"canonical\" href=\"https:\/\/sigefor.be\/sigefor\/pro\/arbopix\/\" \/>\n<meta property=\"og:locale\" content=\"fr_FR\" \/>\n<meta property=\"og:type\" content=\"article\" \/>\n<meta property=\"og:title\" content=\"application gestion patrimoine arbor\u00e9 : gestion arboricole ArboPIX\" \/>\n<meta property=\"og:description\" content=\"application gestion patrimoine arbor\u00e9 avec cartographie interactive et phototh\u00e8que g\u00e9olocalis\u00e9e. Suivi vergers, parcs urbains, Plans Canop\u00e9e.\" \/>\n<meta property=\"og:url\" content=\"https:\/\/sigefor.be\/sigefor\/pro\/arbopix\/\" \/>\n<meta property=\"og:site_name\" content=\"SIG, Environnement &amp; FORmation\" \/>\n<meta property=\"article:modified_time\" content=\"2026-02-03T11:45:34+00:00\" \/>\n<meta property=\"og:image\" content=\"https:\/\/sigefor.be\/sigefor\/pro\/wp-content\/uploads\/sites\/2\/2026\/02\/Screenshot_2026-02-03-12-43-12-66_40deb401b9ffe8e1df2f1cc5ba480b12.jpg\" \/>\n\t<meta property=\"og:image:width\" content=\"1080\" \/>\n\t<meta property=\"og:image:height\" content=\"2010\" \/>\n\t<meta property=\"og:image:type\" content=\"image\/jpeg\" \/>\n<meta name=\"twitter:card\" content=\"summary_large_image\" \/>\n<meta name=\"twitter:label1\" content=\"Dur\u00e9e de lecture estim\u00e9e\" \/>\n\t<meta name=\"twitter:data1\" content=\"2 minutes\" \/>\n<script type=\"application\/ld+json\" class=\"yoast-schema-graph\">{\"@context\":\"https:\\\/\\\/schema.org\",\"@graph\":[{\"@type\":\"WebPage\",\"@id\":\"https:\\\/\\\/sigefor.be\\\/sigefor\\\/pro\\\/arbopix\\\/\",\"url\":\"https:\\\/\\\/sigefor.be\\\/sigefor\\\/pro\\\/arbopix\\\/\",\"name\":\"application gestion patrimoine arbor\u00e9 : gestion arboricole ArboPIX\",\"isPartOf\":{\"@id\":\"https:\\\/\\\/sigefor.be\\\/sigefor\\\/pro\\\/#website\"},\"primaryImageOfPage\":{\"@id\":\"https:\\\/\\\/sigefor.be\\\/sigefor\\\/pro\\\/arbopix\\\/#primaryimage\"},\"image\":{\"@id\":\"https:\\\/\\\/sigefor.be\\\/sigefor\\\/pro\\\/arbopix\\\/#primaryimage\"},\"thumbnailUrl\":\"https:\\\/\\\/sigefor.be\\\/sigefor\\\/pro\\\/wp-content\\\/uploads\\\/sites\\\/2\\\/2026\\\/02\\\/Screenshot_2026-02-03-12-43-12-66_40deb401b9ffe8e1df2f1cc5ba480b12-550x1024.jpg\",\"datePublished\":\"2025-09-05T11:30:59+00:00\",\"dateModified\":\"2026-02-03T11:45:34+00:00\",\"description\":\"application gestion patrimoine arbor\u00e9 avec cartographie interactive et phototh\u00e8que g\u00e9olocalis\u00e9e. Suivi vergers, parcs urbains, Plans Canop\u00e9e.\",\"breadcrumb\":{\"@id\":\"https:\\\/\\\/sigefor.be\\\/sigefor\\\/pro\\\/arbopix\\\/#breadcrumb\"},\"inLanguage\":\"fr-FR\",\"potentialAction\":[{\"@type\":\"ReadAction\",\"target\":[\"https:\\\/\\\/sigefor.be\\\/sigefor\\\/pro\\\/arbopix\\\/\"]}]},{\"@type\":\"ImageObject\",\"inLanguage\":\"fr-FR\",\"@id\":\"https:\\\/\\\/sigefor.be\\\/sigefor\\\/pro\\\/arbopix\\\/#primaryimage\",\"url\":\"https:\\\/\\\/sigefor.be\\\/sigefor\\\/pro\\\/wp-content\\\/uploads\\\/sites\\\/2\\\/2026\\\/02\\\/Screenshot_2026-02-03-12-43-12-66_40deb401b9ffe8e1df2f1cc5ba480b12.jpg\",\"contentUrl\":\"https:\\\/\\\/sigefor.be\\\/sigefor\\\/pro\\\/wp-content\\\/uploads\\\/sites\\\/2\\\/2026\\\/02\\\/Screenshot_2026-02-03-12-43-12-66_40deb401b9ffe8e1df2f1cc5ba480b12.jpg\",\"width\":1080,\"height\":2010},{\"@type\":\"BreadcrumbList\",\"@id\":\"https:\\\/\\\/sigefor.be\\\/sigefor\\\/pro\\\/arbopix\\\/#breadcrumb\",\"itemListElement\":[{\"@type\":\"ListItem\",\"position\":1,\"name\":\"Accueil\",\"item\":\"https:\\\/\\\/sigefor.be\\\/sigefor\\\/pro\\\/\"},{\"@type\":\"ListItem\",\"position\":2,\"name\":\"ArboPIX\"}]},{\"@type\":\"WebSite\",\"@id\":\"https:\\\/\\\/sigefor.be\\\/sigefor\\\/pro\\\/#website\",\"url\":\"https:\\\/\\\/sigefor.be\\\/sigefor\\\/pro\\\/\",\"name\":\"SIG, Environnement & FORmation\",\"description\":\"Transformez vos d\u00e9fis environnementaux et de gestion en solutions num\u00e9riques performantes.\",\"publisher\":{\"@id\":\"https:\\\/\\\/sigefor.be\\\/sigefor\\\/pro\\\/#organization\"},\"alternateName\":\"SIGEFOR\",\"potentialAction\":[{\"@type\":\"SearchAction\",\"target\":{\"@type\":\"EntryPoint\",\"urlTemplate\":\"https:\\\/\\\/sigefor.be\\\/sigefor\\\/pro\\\/?s={search_term_string}\"},\"query-input\":{\"@type\":\"PropertyValueSpecification\",\"valueRequired\":true,\"valueName\":\"search_term_string\"}}],\"inLanguage\":\"fr-FR\"},{\"@type\":\"Organization\",\"@id\":\"https:\\\/\\\/sigefor.be\\\/sigefor\\\/pro\\\/#organization\",\"name\":\"SIGEFOR\",\"alternateName\":\"SIGEFOR\",\"url\":\"https:\\\/\\\/sigefor.be\\\/sigefor\\\/pro\\\/\",\"logo\":{\"@type\":\"ImageObject\",\"inLanguage\":\"fr-FR\",\"@id\":\"https:\\\/\\\/sigefor.be\\\/sigefor\\\/pro\\\/#\\\/schema\\\/logo\\\/image\\\/\",\"url\":\"https:\\\/\\\/sigefor.be\\\/sigefor\\\/pro\\\/wp-content\\\/uploads\\\/sites\\\/2\\\/2025\\\/09\\\/cropped-LOGO_SIGEFOR_fond_blanc.jpg\",\"contentUrl\":\"https:\\\/\\\/sigefor.be\\\/sigefor\\\/pro\\\/wp-content\\\/uploads\\\/sites\\\/2\\\/2025\\\/09\\\/cropped-LOGO_SIGEFOR_fond_blanc.jpg\",\"width\":200,\"height\":200,\"caption\":\"SIGEFOR\"},\"image\":{\"@id\":\"https:\\\/\\\/sigefor.be\\\/sigefor\\\/pro\\\/#\\\/schema\\\/logo\\\/image\\\/\"}}]}<\/script>\n<!-- \/ Yoast SEO plugin. -->","yoast_head_json":{"title":"application gestion patrimoine arbor\u00e9 : gestion arboricole ArboPIX","description":"application gestion patrimoine arbor\u00e9 avec cartographie interactive et phototh\u00e8que g\u00e9olocalis\u00e9e. Suivi vergers, parcs urbains, Plans Canop\u00e9e.","robots":{"index":"index","follow":"follow","max-snippet":"max-snippet:-1","max-image-preview":"max-image-preview:large","max-video-preview":"max-video-preview:-1"},"canonical":"https:\/\/sigefor.be\/sigefor\/pro\/arbopix\/","og_locale":"fr_FR","og_type":"article","og_title":"application gestion patrimoine arbor\u00e9 : gestion arboricole ArboPIX","og_description":"application gestion patrimoine arbor\u00e9 avec cartographie interactive et phototh\u00e8que g\u00e9olocalis\u00e9e. Suivi vergers, parcs urbains, Plans Canop\u00e9e.","og_url":"https:\/\/sigefor.be\/sigefor\/pro\/arbopix\/","og_site_name":"SIG, Environnement &amp; FORmation","article_modified_time":"2026-02-03T11:45:34+00:00","og_image":[{"width":1080,"height":2010,"url":"https:\/\/sigefor.be\/sigefor\/pro\/wp-content\/uploads\/sites\/2\/2026\/02\/Screenshot_2026-02-03-12-43-12-66_40deb401b9ffe8e1df2f1cc5ba480b12.jpg","type":"image\/jpeg"}],"twitter_card":"summary_large_image","twitter_misc":{"Dur\u00e9e de lecture estim\u00e9e":"2 minutes"},"schema":{"@context":"https:\/\/schema.org","@graph":[{"@type":"WebPage","@id":"https:\/\/sigefor.be\/sigefor\/pro\/arbopix\/","url":"https:\/\/sigefor.be\/sigefor\/pro\/arbopix\/","name":"application gestion patrimoine arbor\u00e9 : gestion arboricole ArboPIX","isPartOf":{"@id":"https:\/\/sigefor.be\/sigefor\/pro\/#website"},"primaryImageOfPage":{"@id":"https:\/\/sigefor.be\/sigefor\/pro\/arbopix\/#primaryimage"},"image":{"@id":"https:\/\/sigefor.be\/sigefor\/pro\/arbopix\/#primaryimage"},"thumbnailUrl":"https:\/\/sigefor.be\/sigefor\/pro\/wp-content\/uploads\/sites\/2\/2026\/02\/Screenshot_2026-02-03-12-43-12-66_40deb401b9ffe8e1df2f1cc5ba480b12-550x1024.jpg","datePublished":"2025-09-05T11:30:59+00:00","dateModified":"2026-02-03T11:45:34+00:00","description":"application gestion patrimoine arbor\u00e9 avec cartographie interactive et phototh\u00e8que g\u00e9olocalis\u00e9e. Suivi vergers, parcs urbains, Plans Canop\u00e9e.","breadcrumb":{"@id":"https:\/\/sigefor.be\/sigefor\/pro\/arbopix\/#breadcrumb"},"inLanguage":"fr-FR","potentialAction":[{"@type":"ReadAction","target":["https:\/\/sigefor.be\/sigefor\/pro\/arbopix\/"]}]},{"@type":"ImageObject","inLanguage":"fr-FR","@id":"https:\/\/sigefor.be\/sigefor\/pro\/arbopix\/#primaryimage","url":"https:\/\/sigefor.be\/sigefor\/pro\/wp-content\/uploads\/sites\/2\/2026\/02\/Screenshot_2026-02-03-12-43-12-66_40deb401b9ffe8e1df2f1cc5ba480b12.jpg","contentUrl":"https:\/\/sigefor.be\/sigefor\/pro\/wp-content\/uploads\/sites\/2\/2026\/02\/Screenshot_2026-02-03-12-43-12-66_40deb401b9ffe8e1df2f1cc5ba480b12.jpg","width":1080,"height":2010},{"@type":"BreadcrumbList","@id":"https:\/\/sigefor.be\/sigefor\/pro\/arbopix\/#breadcrumb","itemListElement":[{"@type":"ListItem","position":1,"name":"Accueil","item":"https:\/\/sigefor.be\/sigefor\/pro\/"},{"@type":"ListItem","position":2,"name":"ArboPIX"}]},{"@type":"WebSite","@id":"https:\/\/sigefor.be\/sigefor\/pro\/#website","url":"https:\/\/sigefor.be\/sigefor\/pro\/","name":"SIG, Environnement & FORmation","description":"Transformez vos d\u00e9fis environnementaux et de gestion en solutions num\u00e9riques performantes.","publisher":{"@id":"https:\/\/sigefor.be\/sigefor\/pro\/#organization"},"alternateName":"SIGEFOR","potentialAction":[{"@type":"SearchAction","target":{"@type":"EntryPoint","urlTemplate":"https:\/\/sigefor.be\/sigefor\/pro\/?s={search_term_string}"},"query-input":{"@type":"PropertyValueSpecification","valueRequired":true,"valueName":"search_term_string"}}],"inLanguage":"fr-FR"},{"@type":"Organization","@id":"https:\/\/sigefor.be\/sigefor\/pro\/#organization","name":"SIGEFOR","alternateName":"SIGEFOR","url":"https:\/\/sigefor.be\/sigefor\/pro\/","logo":{"@type":"ImageObject","inLanguage":"fr-FR","@id":"https:\/\/sigefor.be\/sigefor\/pro\/#\/schema\/logo\/image\/","url":"https:\/\/sigefor.be\/sigefor\/pro\/wp-content\/uploads\/sites\/2\/2025\/09\/cropped-LOGO_SIGEFOR_fond_blanc.jpg","contentUrl":"https:\/\/sigefor.be\/sigefor\/pro\/wp-content\/uploads\/sites\/2\/2025\/09\/cropped-LOGO_SIGEFOR_fond_blanc.jpg","width":200,"height":200,"caption":"SIGEFOR"},"image":{"@id":"https:\/\/sigefor.be\/sigefor\/pro\/#\/schema\/logo\/image\/"}}]}},"_links":{"self":[{"href":"https:\/\/sigefor.be\/sigefor\/pro\/wp-json\/wp\/v2\/pages\/512","targetHints":{"allow":["GET"]}}],"collection":[{"href":"https:\/\/sigefor.be\/sigefor\/pro\/wp-json\/wp\/v2\/pages"}],"about":[{"href":"https:\/\/sigefor.be\/sigefor\/pro\/wp-json\/wp\/v2\/types\/page"}],"author":[{"embeddable":true,"href":"https:\/\/sigefor.be\/sigefor\/pro\/wp-json\/wp\/v2\/users\/2"}],"replies":[{"embeddable":true,"href":"https:\/\/sigefor.be\/sigefor\/pro\/wp-json\/wp\/v2\/comments?post=512"}],"version-history":[{"count":12,"href":"https:\/\/sigefor.be\/sigefor\/pro\/wp-json\/wp\/v2\/pages\/512\/revisions"}],"predecessor-version":[{"id":1138,"href":"https:\/\/sigefor.be\/sigefor\/pro\/wp-json\/wp\/v2\/pages\/512\/revisions\/1138"}],"wp:attachment":[{"href":"https:\/\/sigefor.be\/sigefor\/pro\/wp-json\/wp\/v2\/media?parent=512"}],"curies":[{"name":"wp","href":"https:\/\/api.w.org\/{rel}","templated":true}]}}